{"id":13984,"date":"2024-11-06T14:17:25","date_gmt":"2024-11-06T14:17:25","guid":{"rendered":"https:\/\/zing.com.pl\/kariera-bez-nabidek\/"},"modified":"2025-12-16T06:18:09","modified_gmt":"2025-12-16T06:18:09","slug":"kariera-bez-nabidek","status":"publish","type":"page","link":"https:\/\/zing.com.pl\/cs\/kariera-bez-nabidek\/","title":{"rendered":"Kari\u00e9ra bez nab\u00eddek"},"content":{"rendered":"\t\t<div data-elementor-type=\"wp-page\" data-elementor-id=\"13984\" class=\"elementor elementor-13984 elementor-5002\" data-elementor-post-type=\"page\">\n\t\t\t\t<div class=\"elementor-element elementor-element-2ffe463 e-con-full e-flex e-con e-parent\" data-id=\"2ffe463\" data-element_type=\"container\" data-e-type=\"container\" data-settings=\"{&quot;background_background&quot;:&quot;classic&quot;,&quot;enable_glow_container&quot;:&quot;no&quot;}\">\n\t\t\t\t<div class=\"elementor-element elementor-element-2ef12b1 elementor-widget elementor-widget-heading\" data-id=\"2ef12b1\" data-element_type=\"widget\" data-e-type=\"widget\" data-settings=\"{&quot;custom-text-animation&quot;:&quot;type3&quot;,&quot;disable_animation_on_mobile&quot;:&quot;no&quot;}\" data-widget_type=\"heading.default\">\n\t\t\t\t\t<div data-animation-type=\"type3\" ><h2 class=\"elementor-heading-title elementor-size-default\">Kari\u00e9ra v ZING S.A?<br>Bu\u010fte v obraze<\/h2><\/div>\t\t\t\t<\/div>\n\t\t\t\t<\/div>\n\t\t<div class=\"elementor-element elementor-element-ddcd2e2 e-flex e-con-boxed e-con e-parent\" data-id=\"ddcd2e2\" data-element_type=\"container\" data-e-type=\"container\" data-settings=\"{&quot;enable_glow_container&quot;:&quot;no&quot;}\">\n\t\t\t\t\t<div class=\"e-con-inner\">\n\t\t\t\t<div class=\"elementor-element elementor-element-d5fed7a elementor-widget__width-initial elementor-widget elementor-widget-text-editor\" data-id=\"d5fed7a\" data-element_type=\"widget\" data-e-type=\"widget\" data-widget_type=\"text-editor.default\">\n\t\t\t\t\t\t\t\t\t<p>V sou\u010dasn\u00e9 dob\u011b prob\u00edh\u00e1 n\u00e1borov\u00fd proces na n\u00e1sleduj\u00edc\u00ed pozice:<\/p>\t\t\t\t\t\t\t\t<\/div>\n\t\t\t\t<div class=\"elementor-element elementor-element-a001fd8 elementor-widget__width-initial elementor-widget elementor-widget-text-editor\" data-id=\"a001fd8\" data-element_type=\"widget\" data-e-type=\"widget\" data-widget_type=\"text-editor.default\">\n\t\t\t\t\t\t\t\t\t<p>Jakmile se objev\u00ed nov\u00e9 mo\u017enosti p\u0159ipojen\u00ed k na\u0161emu t\u00fdmu, najdete zde v\u0161echny pot\u0159ebn\u00e9 informace.<\/p>\t\t\t\t\t\t\t\t<\/div>\n\t\t\t\t\t<\/div>\n\t\t\t\t<\/div>\n\t\t<div class=\"elementor-element elementor-element-e27f85a e-flex e-con-boxed e-con e-parent\" data-id=\"e27f85a\" data-element_type=\"container\" data-e-type=\"container\" data-settings=\"{&quot;enable_glow_container&quot;:&quot;no&quot;}\">\n\t\t\t\t\t<div class=\"e-con-inner\">\n\t\t\t\t<div class=\"elementor-element elementor-element-09978b4 elementor-widget elementor-widget-html\" data-id=\"09978b4\" data-element_type=\"widget\" data-e-type=\"widget\" data-widget_type=\"html.default\">\n\t\t\t\t\t<script type='text\/javascript' src='https:\/\/skk.erecruiter.pl\/Code.ashx?cfg=4e31245482484fc88b861bda8a9ce61d'><\/script> \t\t\t\t<\/div>\n\t\t\t\t\t<\/div>\n\t\t\t\t<\/div>\n\t\t\t\t<\/div>\n\t\t","protected":false},"excerpt":{"rendered":"<p>Kari\u00e9ra v ZING S.A?Bu\u010fte v obraze V sou\u010dasn\u00e9 dob\u011b prob\u00edh\u00e1 n\u00e1borov\u00fd proces na n\u00e1sleduj\u00edc\u00ed pozice: Jakmile se objev\u00ed nov\u00e9 mo\u017enosti p\u0159ipojen\u00ed k na\u0161emu t\u00fdmu, najdete zde v\u0161echny pot\u0159ebn\u00e9 informace.<\/p>\n","protected":false},"author":1,"featured_media":0,"parent":0,"menu_order":0,"comment_status":"closed","ping_status":"closed","template":"","meta":{"_acf_changed":false,"footnotes":""},"class_list":["post-13984","page","type-page","status-publish","hentry"],"acf":[],"_links":{"self":[{"href":"https:\/\/zing.com.pl\/cs\/wp-json\/wp\/v2\/pages\/13984","targetHints":{"allow":["GET"]}}],"collection":[{"href":"https:\/\/zing.com.pl\/cs\/wp-json\/wp\/v2\/pages"}],"about":[{"href":"https:\/\/zing.com.pl\/cs\/wp-json\/wp\/v2\/types\/page"}],"author":[{"embeddable":true,"href":"https:\/\/zing.com.pl\/cs\/wp-json\/wp\/v2\/users\/1"}],"replies":[{"embeddable":true,"href":"https:\/\/zing.com.pl\/cs\/wp-json\/wp\/v2\/comments?post=13984"}],"version-history":[{"count":1,"href":"https:\/\/zing.com.pl\/cs\/wp-json\/wp\/v2\/pages\/13984\/revisions"}],"predecessor-version":[{"id":13986,"href":"https:\/\/zing.com.pl\/cs\/wp-json\/wp\/v2\/pages\/13984\/revisions\/13986"}],"wp:attachment":[{"href":"https:\/\/zing.com.pl\/cs\/wp-json\/wp\/v2\/media?parent=13984"}],"curies":[{"name":"wp","href":"https:\/\/api.w.org\/{rel}","templated":true}]}}