{"id":13998,"date":"2024-12-06T14:21:21","date_gmt":"2024-12-06T14:21:21","guid":{"rendered":"https:\/\/zing.com.pl\/zasady-ochrany-osobnich-udaju\/"},"modified":"2025-12-16T06:18:59","modified_gmt":"2025-12-16T06:18:59","slug":"zasady-ochrany-osobnich-udaju","status":"publish","type":"page","link":"https:\/\/zing.com.pl\/cs\/zasady-ochrany-osobnich-udaju\/","title":{"rendered":"Z\u00e1sady ochrany osobn\u00edch \u00fadaj\u016f"},"content":{"rendered":"\t\t<div data-elementor-type=\"wp-page\" data-elementor-id=\"13998\" class=\"elementor elementor-13998 elementor-9983\" data-elementor-post-type=\"page\">\n\t\t\t\t<div class=\"elementor-element elementor-element-dc212ef e-con-full e-flex e-con e-parent\" data-id=\"dc212ef\" data-element_type=\"container\" data-e-type=\"container\" data-settings=\"{&quot;enable_glow_container&quot;:&quot;no&quot;}\">\n\t\t\t\t<div class=\"elementor-element elementor-element-54aa37c elementor-widget elementor-widget-text-editor\" data-id=\"54aa37c\" data-element_type=\"widget\" data-e-type=\"widget\" data-widget_type=\"text-editor.default\">\n\t\t\t\t\t\t\t\t\t<h1>Z\u00c1SADY OCHRANY OSOBN\u00cdCH \u00daDAJ\u016e ZING<\/h1><h3>V\u00e1\u017een\u00fd z\u00e1kazn\u00edku, <\/h3><p>tyto Z\u00e1sady ochrany osobn\u00edch \u00fadaj\u016f popisuj\u00ed c\u00edle a principy, na kter\u00fdch ZING S.A. zakl\u00e1d\u00e1 sv\u016fj p\u0159\u00edstup k ochran\u011b soukrom\u00ed z\u00e1kazn\u00edk\u016f a dal\u0161\u00edch osob, jejich\u017e osobn\u00ed \u00fadaje zpracov\u00e1v\u00e1. Tento dokument m\u00e1 za c\u00edl co nejsrozumiteln\u011bji vysv\u011btlit, jak hodl\u00e1me nakl\u00e1dat s Va\u0161imi \u00fadaji, jak\u00e1 jsou Va\u0161e pr\u00e1va, jak je m\u016f\u017eete uplatnit a jak n\u00e1s m\u016f\u017eete kontaktovat. N\u00ed\u017ee uveden\u00e9 informace spl\u0148uj\u00ed po\u017eadavky tzv. informa\u010dn\u00ed povinnosti, o kter\u00e9 se hovo\u0159\u00ed v \u010dl\u00e1nku 13 GDPR. Doporu\u010dujeme V\u00e1m, abyste se s t\u00edmto dokumentem sezn\u00e1mili, a v p\u0159\u00edpad\u011b pochybnost\u00ed n\u00e1s kontaktovali.      <br><br><\/p><h3>Kdo jsme?<\/h3><p>Zing, tedy ZING S.A. se s\u00eddlem ve Var\u0161av\u011b, adresa: Aleje Jerozolimskie 212, 5. patro, zapsan\u00e1 v Obchodn\u00edm rejst\u0159\u00edku veden\u00e9m Okresn\u00edm soudem pro hlavn\u00ed m\u011bsto Var\u0161avu ve Var\u0161av\u011b,<br>XIV. hospod\u00e1\u0159sk\u00e9 odd\u011blen\u00ed KRS KRS: 0000941448<br>DI\u010c: 945-18-15-789<br>Z\u00e1kladn\u00ed kapit\u00e1l: 29.706.400 z\u0142<br>Jsme spr\u00e1vcem Va\u0161ich osobn\u00edch \u00fadaj\u016f.<br>M\u016f\u017eete n\u00e1s kontaktovat na adrese: info.pl@zing.com.pl nebo na telefonn\u00edch \u010d\u00edslech:<br>tel. (+48) 22 592 29 29<br>tel. (+48) 22 592 29 02<br>M\u016f\u017eete n\u00e1m tak\u00e9 poslat fax na \u010d\u00edslo: (+22) 592 29 07<br>Jsme odpov\u011bdn\u00ed za provoz webov\u00fdch str\u00e1nek (d\u00e1le tak\u00e9 naz\u00fdvan\u00fdch slu\u017eby):   <\/p><ul><li>zingpack.com.pl <\/li><li>zing.com.pl <\/li><li>zinglogistics.pl <\/li><\/ul><p>Aktu\u00e1ln\u00ed kontaktn\u00ed \u00fadaje naleznete na na\u0161ich str\u00e1nk\u00e1ch v z\u00e1lo\u017ece \u201eKontakt\u201c, jej\u00ed\u017e odkaz je um\u00edst\u011bn na konci ka\u017ed\u00e9 na\u0161\u00ed str\u00e1nky. <br><br><\/p><h3>Jak\u00fd je \u00fa\u010del a pr\u00e1vn\u00ed z\u00e1klad zpracov\u00e1n\u00ed Va\u0161ich osobn\u00edch \u00fadaj\u016f spole\u010dnost\u00ed Zing? <br>Tedy pro\u010d jsme se rozhodli shroma\u017e\u010fovat \u00fadaje a k \u010demu je pot\u0159ebujeme? <\/h3><p>Shroma\u017e\u010fujeme a zpracov\u00e1v\u00e1me \u00fadaje ve t\u0159ech p\u0159\u00edpadech:<\/p><ul><li>(1) pln\u011bn\u00ed smluv, kter\u00e9 jste s n\u00e1mi uzav\u0159eli nebo kter\u00e9 s n\u00e1mi hodl\u00e1te uzav\u0159\u00edt, <\/li><li>(2) realizace tzv. \u201eopr\u00e1vn\u011bn\u00e9ho z\u00e1jmu\u201c a za \u00fa\u010delem  <\/li><li>(3) pln\u011bn\u00ed povinnost\u00ed stanoven\u00fdch pr\u00e1vn\u00edmi p\u0159edpisy. <strong><br><\/strong><\/li><\/ul><p> <\/p><h3>Pln\u011bn\u00ed smluv.<\/h3><p>Poka\u017ed\u00e9, kdy\u017e si zalo\u017e\u00edte \u00fa\u010det v n\u011bkter\u00e9 z na\u0161ich slu\u017eeb, uzav\u00edr\u00e1me s V\u00e1mi smlouvu o poskytov\u00e1n\u00ed slu\u017eeb elektronickou cestou. Prost\u0159ednictv\u00edm na\u0161ich slu\u017eeb m\u016f\u017eete zad\u00e1vat objedn\u00e1vky na zbo\u017e\u00ed a slu\u017eby, co\u017e vede k uzav\u0159en\u00ed dal\u0161\u00edch smluv. Pro realizaci smluv a \u0159\u00e1dn\u00e9 fungov\u00e1n\u00ed ka\u017ed\u00e9 z na\u0161ich slu\u017eeb zpracov\u00e1v\u00e1me Va\u0161e \u00fadaje pro n\u00e1sleduj\u00edc\u00ed \u00fa\u010dely:  <\/p><ol><li>poskytov\u00e1n\u00ed slu\u017eeb elektronickou cestou, <\/li><li>zaji\u0161t\u011bn\u00ed fungov\u00e1n\u00ed str\u00e1nek nebo slu\u017eeb (v\u010detn\u011b pou\u017e\u00edv\u00e1n\u00ed soubor\u016f cookies), <\/li><li>pln\u011bn\u00ed smlouvy o n\u00e1kupu zbo\u017e\u00ed, <\/li><li>pln\u011bn\u00ed smluv na p\u0159epravn\u00ed slu\u017eby, <\/li><li>veden\u00ed korespondence a udr\u017eov\u00e1n\u00ed kontaktu v z\u00e1le\u017eitostech souvisej\u00edc\u00edch s pln\u011bn\u00edm smluv, <\/li><li>vy\u0159izov\u00e1n\u00ed reklamac\u00ed, <strong> <br><br><\/strong><\/li><\/ol><h3>Realizace pr\u00e1vn\u011b \u201eopr\u00e1vn\u011bn\u00e9ho z\u00e1jmu spr\u00e1vce\u201c.<\/h3><p>Pr\u00e1vn\u011b opr\u00e1vn\u011bn\u00fd z\u00e1jem spr\u00e1vce se t\u00fdk\u00e1 \u010dinnost\u00ed, kter\u00e9 m\u016f\u017ee spr\u00e1vce podnikat za \u00fa\u010delem provozov\u00e1n\u00ed sv\u00e9 \u010dinnosti a \u010dinit tak v souladu se z\u00e1konem. Nap\u0159. pokud souhlas\u00edte s p\u0159ij\u00edm\u00e1n\u00edm na\u0161ich e-mail\u016f s marketingov\u00fdmi nab\u00eddkami, budeme zpracov\u00e1vat Va\u0161i e-mailovou adresu pro \u00fa\u010dely p\u0159\u00edm\u00e9ho marketingu. V r\u00e1mci realizace opr\u00e1vn\u011bn\u00fdch z\u00e1jm\u016f spr\u00e1vce zpracov\u00e1v\u00e1me nebo m\u016f\u017eeme zpracov\u00e1vat Va\u0161e \u00fadaje pro n\u00e1sleduj\u00edc\u00ed \u00fa\u010dely:  <\/p><ol><li>prov\u00e1d\u011bn\u00ed marketingov\u00fdch aktivit, <\/li><li>kontaktov\u00e1n\u00ed V\u00e1s, a to i pro \u00fa\u010dely spojen\u00e9 s marketingov\u00fdmi aktivitami, prost\u0159ednictv\u00edm dostupn\u00fdch komunika\u010dn\u00edch kan\u00e1l\u016f, <\/li><li>vy\u0159izov\u00e1n\u00ed Va\u0161ich \u017e\u00e1dost\u00ed v situac\u00edch, kdy nejsou p\u0159\u00edmo spojeny s pln\u011bn\u00edm smlouvy, <\/li><li>organizace v\u011brnostn\u00edch program\u016f, sout\u011b\u017e\u00ed a propaga\u010dn\u00edch akc\u00ed, kter\u00fdch se m\u016f\u017eete z\u00fa\u010dastnit, <\/li><li>vym\u00e1h\u00e1n\u00ed pohled\u00e1vek, <\/li><li>prov\u00e1d\u011bn\u00ed statistick\u00fdch anal\u00fdz, <\/li><li>zaji\u0161t\u011bn\u00ed obsluhy platebn\u00edch slu\u017eeb, <br><br><\/li><\/ol><h3>Pln\u011bn\u00ed povinnost\u00ed vypl\u00fdvaj\u00edc\u00edch z pr\u00e1vn\u00edch p\u0159edpis\u016f.<\/h3><p>Do t\u00e9to oblasti spadaj\u00ed v\u0161echny povinnosti stanoven\u00e9 pr\u00e1vn\u00edmi p\u0159edpisy. V r\u00e1mci povinnost\u00ed vypl\u00fdvaj\u00edc\u00edch z pr\u00e1vn\u00edch p\u0159edpis\u016f zpracov\u00e1v\u00e1me Va\u0161e \u00fadaje mimo jin\u00e9 pro da\u0148ov\u00e9 a \u00fa\u010detn\u00ed \u00fa\u010dely. <\/p><h3>Komu Va\u0161e \u00fadaje sd\u011blujeme a pro\u010d to d\u011bl\u00e1me?<\/h3><p>V dne\u0161n\u00ed dob\u011b je prakticky nemo\u017en\u00e9 poskytovat profesion\u00e1ln\u00ed slu\u017eby bez podpory kvalifikovan\u00fdch odborn\u00edk\u016f. Tak je tomu i v p\u0159\u00edpad\u011b na\u0161ich slu\u017eeb. Va\u0161e \u00fadaje mohou b\u00fdt zp\u0159\u00edstupn\u011bny jin\u00fdm subjekt\u016fm, kdy\u017e budeme zad\u00e1vat doru\u010den\u00ed zakoupen\u00e9ho zbo\u017e\u00ed k V\u00e1m (p\u0159epravn\u00ed slu\u017eba). Va\u0161e \u00fadaje mohou b\u00fdt zp\u0159\u00edstupn\u011bny tak\u00e9 v p\u0159\u00edpad\u011b, \u017ee se rozhodnete vyu\u017e\u00edt dodate\u010dn\u00e9 finan\u010dn\u00ed slu\u017eby, kter\u00e9 nab\u00edz\u00edme. V v\u00fd\u0161e uveden\u00fdch p\u0159\u00edpadech obdr\u017e\u00edte informaci, \u017ee vyu\u017eit\u00ed slu\u017eby je spojeno se zapojen\u00edm jin\u00e9ho subjektu.<br>K Va\u0161im \u00fadaj\u016fm mohou m\u00edt p\u0159\u00edstup tak\u00e9 subjekty odpov\u011bdn\u00e9 za \u0159\u00e1dn\u00e9 fungov\u00e1n\u00ed na\u0161ich webov\u00fdch str\u00e1nek a slu\u017eeb a dal\u0161\u00ed subjekty, jejich\u017e slu\u017eby se b\u011b\u017en\u011b vyu\u017e\u00edvaj\u00ed na trhu, nap\u0159. poskytovatel\u00e9 IT slu\u017eeb a syst\u00e9m\u016f, po\u0161tovn\u00ed oper\u00e1to\u0159i, poskytovatel\u00e9 platebn\u00edch slu\u017eeb, poskytovatel\u00e9 poradensk\u00fdch, pr\u00e1vn\u00edch nebo auditorsk\u00fdch slu\u017eeb, a tak\u00e9 z\u00e1stupci st\u00e1tn\u00edch org\u00e1n\u016f. <br><br><\/p><h3>Jak dlouho budeme Va\u0161e \u00fadaje zpracov\u00e1vat?<\/h3><p>Va\u0161e osobn\u00ed \u00fadaje budou uchov\u00e1v\u00e1ny po dobu trv\u00e1n\u00ed smlouvy. Nav\u00edc po ukon\u010den\u00ed smlouvy budou Va\u0161e \u00fadaje uchov\u00e1v\u00e1ny z d\u016fvodu povinnost\u00ed vypl\u00fdvaj\u00edc\u00edch z \u00fa\u010detn\u00edch a da\u0148ov\u00fdch p\u0159edpis\u016f po dobu jejich trv\u00e1n\u00ed a z d\u016fvodu pr\u00e1vn\u00ed bezpe\u010dnosti do uplynut\u00ed proml\u010dec\u00ed lh\u016fty p\u0159\u00edpadn\u00fdch n\u00e1rok\u016f. Maxim\u00e1ln\u00ed doba uchov\u00e1v\u00e1n\u00ed Va\u0161ich \u00fadaj\u016f je 10 let od okam\u017eiku, kdy jste naposledy vyu\u017eili na\u0161e slu\u017eby. Pokud chcete, abychom Va\u0161e \u00fadaje vymazali, m\u016f\u017eete n\u00e1s o tom v\u017edy informovat. Budeme se sna\u017eit vyhov\u011bt Va\u0161emu p\u0159\u00e1n\u00ed v takov\u00e9m rozsahu, v jak\u00e9m to bude mo\u017en\u00e9. \u017d\u00e1dost o vymaz\u00e1n\u00ed \u00fadaj\u016f je jedn\u00edm z Va\u0161ich pr\u00e1v.<strong>  <br><br><\/strong><\/p><h3>Jak\u00e1 dal\u0161\u00ed pr\u00e1va m\u00e1te v souvislosti s Va\u0161imi \u00fadaji?<\/h3><p>Krom\u011b \u017e\u00e1dosti o vymaz\u00e1n\u00ed \u00fadaj\u016f m\u00e1te pr\u00e1vo:<\/p><ul><li>na p\u0159\u00edstup ke sv\u00fdm \u00fadaj\u016fm \u2013 pokud chcete, m\u016f\u017eeme pro V\u00e1s p\u0159ipravit kopie Va\u0161ich \u00fadaj\u016f, kter\u00e9 zpracov\u00e1v\u00e1me (prvn\u00ed kopie \u00fadaj\u016f je zdarma, ale za dal\u0161\u00ed mohou b\u00fdt \u00fa\u010dtov\u00e1ny poplatky);<\/li><li>na opravu \u2013 pokud jsou n\u011bkter\u00e9 Va\u0161e \u00fadaje nespr\u00e1vn\u00e9, m\u016f\u017eeme je opravit, i kdy\u017e na\u0161e syst\u00e9my V\u00e1m umo\u017en\u00ed samostatn\u011b opravit t\u00e9m\u011b\u0159 v\u0161echny Va\u0161e \u00fadaje;<\/li><li>na omezen\u00ed zpracov\u00e1n\u00ed \u2013 pokud chcete, m\u016f\u017eeme se tak\u00e9 zdr\u017eet zpracov\u00e1n\u00ed Va\u0161ich \u00fadaj\u016f po uvedenou dobu (vyu\u017eit\u00ed tohoto pr\u00e1va n\u00e1m m\u016f\u017ee znemo\u017enit poskytov\u00e1n\u00ed na\u0161ich slu\u017eeb a v ur\u010dit\u00fdch situac\u00edch m\u016f\u017ee b\u00fdt ne\u00fa\u010dinn\u00e9);<\/li><li>k vznesen\u00ed n\u00e1mitky proti zpracov\u00e1n\u00ed \u2013 proto\u017ee zpracov\u00e1v\u00e1me va\u0161e \u00fadaje za \u00fa\u010delem realizace \u201eopr\u00e1vn\u011bn\u00e9ho z\u00e1jmu spr\u00e1vce\u201c (psali jsme o tom v\u00fd\u0161e), m\u00e1te pr\u00e1vo vzn\u00e9st n\u00e1mitku proti \u010dinnostem, kter\u00e9 v r\u00e1mci tohoto c\u00edle prov\u00e1d\u00edme. Nap\u0159. pokud nechcete, abychom v\u016f\u010di V\u00e1m prov\u00e1d\u011bli marketingov\u00e9 aktivity, m\u016f\u017eete se odhl\u00e1sit z na\u0161ich newsletter\u016f, ale m\u016f\u017eete tak\u00e9 vyj\u00e1d\u0159it sv\u016fj nesouhlas se zpracov\u00e1n\u00edm Va\u0161ich \u00fadaj\u016f pro marketingov\u00e9 \u00fa\u010dely (pamatujte, \u017ee to m\u016f\u017ee zna\u010dn\u011b zt\u00ed\u017eit n\u00e1\u0161 kontakt s V\u00e1mi); na p\u0159enositelnost sv\u00fdch \u00fadaj\u016f \u2013 pokud chcete, m\u016f\u017eeme p\u0159ipravit \u00fadaje, kter\u00e9 jste n\u00e1m poskytli, v tzv. \u201estrukturovan\u00e9 form\u011b\u201c, tj. v podob\u011b b\u011b\u017en\u011b pou\u017e\u00edvan\u00e9ho form\u00e1tu dat, kter\u00fd je snadno \u010diteln\u00fd po\u010d\u00edta\u010dov\u00fdm softwarem, nap\u0159. ve form\u011b souboru CSV. <br><br><\/li><\/ul><h3>A co kdy\u017e chcete, aby se Va\u0161\u00ed z\u00e1le\u017eitost\u00ed zab\u00fdval n\u011bkdo nez\u00e1visl\u00fd?<\/h3><p>Pokud se domn\u00edv\u00e1te, \u017ee jsme jak\u00fdmkoli zp\u016fsobem poru\u0161ili Va\u0161e pr\u00e1va nebo soukrom\u00ed, m\u00e1te obavy o sv\u00e9 \u00fadaje nebo pot\u0159ebujete v\u00edce informac\u00ed \u2013 kontaktujte n\u00e1s, v\u017edy se sna\u017e\u00edme reagovat na p\u0159ipom\u00ednky a n\u00e1vrhy na\u0161ich z\u00e1kazn\u00edk\u016f. V\u017edy m\u00e1te tak\u00e9 pr\u00e1vo podat st\u00ed\u017enost k dozor\u010d\u00edmu org\u00e1nu (v Polsku \u2013 Gener\u00e1ln\u00ed inspektor ochrany osobn\u00edch \u00fadaj\u016f, v budoucnu P\u0159edseda \u00da\u0159adu pro ochranu osobn\u00edch \u00fadaj\u016f). <br><br><\/p><h3>Je je\u0161t\u011b n\u011bco?<\/h3><p>P\u0159i zad\u00e1v\u00e1n\u00ed informac\u00ed do formul\u00e1\u0159\u016f na na\u0161ich str\u00e1nk\u00e1ch v\u011bnujte pozornost popisu pol\u00ed \u2013 ozna\u010dili jsme, kter\u00e1 z nich mus\u00ed b\u00fdt vypln\u011bna, abyste mohli formul\u00e1\u0159 odeslat nebo vyu\u017e\u00edt na\u0161e slu\u017eby. Nevyu\u017e\u00edv\u00e1me tzv. automatizovan\u00e9 rozhodov\u00e1n\u00ed. <br><br><\/p><h3>V jak\u00fdch p\u0159\u00edpadech V\u00e1s budeme kontaktovat?<\/h3><p>E-maily, SMS zpr\u00e1vy a telefonn\u00ed hovory, kter\u00e9 od n\u00e1s budete dost\u00e1vat, se budou t\u00fdkat pln\u011bn\u00ed objedn\u00e1vek, kter\u00e9 jste zadali prost\u0159ednictv\u00edm na\u0161ich internetov\u00fdch slu\u017eeb, a smluv, kter\u00e9 jste s n\u00e1mi uzav\u0159eli. V r\u00e1mci t\u011bchto kontakt\u016f se V\u00e1s m\u016f\u017eeme tak\u00e9 pt\u00e1t na hodnocen\u00ed, zda na\u0161e spolupr\u00e1ce prob\u00edh\u00e1 zp\u016fsobem, jak\u00fd o\u010dek\u00e1v\u00e1te. Je to trval\u00e1 sou\u010d\u00e1st dohledu, kter\u00fd prov\u00e1d\u00edme nad na\u0161imi zam\u011bstnanci, syst\u00e9my a procesy, a je sou\u010d\u00e1st\u00ed slu\u017eeb, kter\u00e9 nab\u00edz\u00edme.<br>Pokud k tomu d\u00e1te souhlas, budeme V\u00e1m tak\u00e9 zas\u00edlat obchodn\u00ed informace (ve smyslu z\u00e1kona o poskytov\u00e1n\u00ed slu\u017eeb elektronickou cestou) v r\u00e1mci realizace p\u0159\u00edm\u00e9ho marketingu (ve smyslu z\u00e1kona o telekomunikac\u00edch). Ka\u017ed\u00fd souhlas, kter\u00fd ud\u011bl\u00edte, je dobrovoln\u00fd a m\u016f\u017ee b\u00fdt kdykoli odvol\u00e1n. Odvol\u00e1n\u00ed souhlasu je osvobozeno od jak\u00fdchkoli poplatk\u016f. Pro odvol\u00e1n\u00ed souhlasu sta\u010d\u00ed n\u00e1s kontaktovat.<\/p><h3>Pou\u017e\u00edv\u00e1me \u201ecookies\u201c?<\/h3><p>Ano, pou\u017e\u00edv\u00e1me.<\/p><h3>Co jsou soubory \u201ecookies\u201c?<\/h3><p>Soubory \u201ecookies\u201c (su\u0161enky) jsou soubory s textov\u00fdmi informacemi, kter\u00e9 webov\u00e1 str\u00e1nka odes\u00edl\u00e1 do prohl\u00ed\u017ee\u010de u\u017eivatele. Pom\u00e1haj\u00ed zabezpe\u010dit str\u00e1nku, umo\u017e\u0148uj\u00ed tak\u00e9 zapamatovat si d\u016fle\u017eit\u00e9 informace, d\u00edky kter\u00fdm bude pou\u017e\u00edv\u00e1n\u00ed str\u00e1nky pohodln\u011bj\u0161\u00ed, nap\u0159. umo\u017e\u0148uj\u00ed obnovit d\u0159\u00edve zadan\u00e1 data. Jak\u00e9 druhy soubor\u016f \u201ecookies\u201c pou\u017e\u00edv\u00e1me?<strong>  <br><br><\/strong><\/p><h3>Rozli\u0161ujeme dva druhy soubor\u016f \u201ecookies\u201c:<\/h3><ul><li>\u201eCookies\u201c relace \u2013 to jsou do\u010dasn\u00e9 informace, kter\u00e9 jsou odstran\u011bny po zav\u0159en\u00ed vyhled\u00e1va\u010de nebo vypnut\u00ed po\u010d\u00edta\u010de. <\/li><li>\u201eCookies\u201c trval\u00e9 \u2013 uchov\u00e1vaj\u00ed v po\u010d\u00edta\u010di u\u017eivatele informace, kter\u00e9 jsou ulo\u017eeny na pevn\u00e9m disku po\u010d\u00edta\u010de. Z\u016fst\u00e1vaj\u00ed tam, dokud je u\u017eivatel nevyma\u017ee. <br><br><\/li><\/ul><h3>Jak\u00fdm zp\u016fsobem vyu\u017e\u00edv\u00e1me soubory \u201ecookies\u201c?<\/h3><p>Soubory \u201ecookies\u201c n\u00e1m pom\u00e1haj\u00ed pochopit, jak\u00fdm zp\u016fsobem u\u017eivatel\u00e9 pou\u017e\u00edvaj\u00ed web. D\u00edky nim m\u016f\u017eeme neust\u00e1le zlep\u0161ovat fungov\u00e1n\u00ed webov\u00fdch str\u00e1nek a p\u0159izp\u016fsobovat jejich obsah pot\u0159eb\u00e1m u\u017eivatele. Pomoc\u00ed soubor\u016f \u201ecookies\u201c nejsou zpracov\u00e1v\u00e1ny nebo uchov\u00e1v\u00e1ny osobn\u00ed \u00fadaje ani jin\u00e9 d\u016fv\u011brn\u00e9 informace. Jak odstranit soubory \u201ecookies\u201c? <\/p><p>Zp\u016fsob odstra\u0148ov\u00e1n\u00ed soubor\u016f se li\u0161\u00ed v z\u00e1vislosti na typu prohl\u00ed\u017ee\u010de u\u017eivatele. V\u00edce informac\u00ed o odstra\u0148ov\u00e1n\u00ed a blokov\u00e1n\u00ed soubor\u016f \u201ecookies\u201c naleznete v z\u00e1lo\u017ece N\u00e1pov\u011bda v pou\u017e\u00edvan\u00e9m prohl\u00ed\u017ee\u010di.<\/p>\t\t\t\t\t\t\t\t<\/div>\n\t\t\t\t<\/div>\n\t\t\t\t<\/div>\n\t\t","protected":false},"excerpt":{"rendered":"<p>Z\u00c1SADY OCHRANY OSOBN\u00cdCH \u00daDAJ\u016e ZING V\u00e1\u017een\u00fd z\u00e1kazn\u00edku, tyto Z\u00e1sady ochrany osobn\u00edch \u00fadaj\u016f popisuj\u00ed c\u00edle a principy, na kter\u00fdch ZING S.A. zakl\u00e1d\u00e1 sv\u016fj p\u0159\u00edstup k ochran\u011b soukrom\u00ed z\u00e1kazn\u00edk\u016f a dal\u0161\u00edch osob, jejich\u017e osobn\u00ed \u00fadaje zpracov\u00e1v\u00e1. Tento dokument m\u00e1 za c\u00edl co nejsrozumiteln\u011bji vysv\u011btlit, jak hodl\u00e1me nakl\u00e1dat s Va\u0161imi \u00fadaji, jak\u00e1 jsou Va\u0161e pr\u00e1va, jak je m\u016f\u017eete [&hellip;]<\/p>\n","protected":false},"author":2,"featured_media":0,"parent":0,"menu_order":0,"comment_status":"closed","ping_status":"closed","template":"","meta":{"_acf_changed":false,"footnotes":""},"class_list":["post-13998","page","type-page","status-publish","hentry"],"acf":[],"_links":{"self":[{"href":"https:\/\/zing.com.pl\/cs\/wp-json\/wp\/v2\/pages\/13998","targetHints":{"allow":["GET"]}}],"collection":[{"href":"https:\/\/zing.com.pl\/cs\/wp-json\/wp\/v2\/pages"}],"about":[{"href":"https:\/\/zing.com.pl\/cs\/wp-json\/wp\/v2\/types\/page"}],"author":[{"embeddable":true,"href":"https:\/\/zing.com.pl\/cs\/wp-json\/wp\/v2\/users\/2"}],"replies":[{"embeddable":true,"href":"https:\/\/zing.com.pl\/cs\/wp-json\/wp\/v2\/comments?post=13998"}],"version-history":[{"count":1,"href":"https:\/\/zing.com.pl\/cs\/wp-json\/wp\/v2\/pages\/13998\/revisions"}],"predecessor-version":[{"id":14000,"href":"https:\/\/zing.com.pl\/cs\/wp-json\/wp\/v2\/pages\/13998\/revisions\/14000"}],"wp:attachment":[{"href":"https:\/\/zing.com.pl\/cs\/wp-json\/wp\/v2\/media?parent=13998"}],"curies":[{"name":"wp","href":"https:\/\/api.w.org\/{rel}","templated":true}]}}