{"id":14004,"date":"2024-11-06T14:17:27","date_gmt":"2024-11-06T14:17:27","guid":{"rendered":"https:\/\/zing.com.pl\/certifikaty\/"},"modified":"2025-12-16T06:19:02","modified_gmt":"2025-12-16T06:19:02","slug":"certifikaty","status":"publish","type":"page","link":"https:\/\/zing.com.pl\/cs\/certifikaty\/","title":{"rendered":"Certifik\u00e1ty"},"content":{"rendered":"\t\t<div data-elementor-type=\"wp-page\" data-elementor-id=\"14004\" class=\"elementor elementor-14004 elementor-5003\" data-elementor-post-type=\"page\">\n\t\t\t\t<div class=\"elementor-element elementor-element-8560caa e-con-full e-flex e-con e-parent\" data-id=\"8560caa\" data-element_type=\"container\" data-e-type=\"container\" data-settings=\"{&quot;background_background&quot;:&quot;classic&quot;,&quot;enable_glow_container&quot;:&quot;no&quot;}\">\n\t\t\t\t<div class=\"elementor-element elementor-element-3391dd7 elementor-widget elementor-widget-heading\" data-id=\"3391dd7\" data-element_type=\"widget\" data-e-type=\"widget\" data-settings=\"{&quot;custom-text-animation&quot;:&quot;type3&quot;,&quot;disable_animation_on_mobile&quot;:&quot;no&quot;}\" data-widget_type=\"heading.default\">\n\t\t\t\t\t<div data-animation-type=\"type3\" ><h2 class=\"elementor-heading-title elementor-size-default\">Certifik\u00e1ty ZING S.A<\/h2><\/div>\t\t\t\t<\/div>\n\t\t\t\t<div class=\"elementor-element elementor-element-e7e5c8a elementor-widget elementor-widget-text-editor\" data-id=\"e7e5c8a\" data-element_type=\"widget\" data-e-type=\"widget\" data-widget_type=\"text-editor.default\">\n\t\t\t\t\t\t\t\t\t<p>Nejsou to jen dokumenty \u2013 je to extern\u00ed potvrzen\u00ed nejvy\u0161\u0161\u00edch <br>standard\u016f, kter\u00fdmi se \u0159\u00edd\u00edme ka\u017ed\u00fd den.<\/p>\t\t\t\t\t\t\t\t<\/div>\n\t\t\t\t<\/div>\n\t\t<div class=\"elementor-element elementor-element-cb7e3ba e-con-full e-flex e-con e-parent\" data-id=\"cb7e3ba\" data-element_type=\"container\" data-e-type=\"container\" data-settings=\"{&quot;enable_glow_container&quot;:&quot;no&quot;}\">\n\t\t<div class=\"elementor-element elementor-element-2f5007e e-con-full e-flex e-con e-child\" data-id=\"2f5007e\" data-element_type=\"container\" data-e-type=\"container\" data-settings=\"{&quot;background_background&quot;:&quot;classic&quot;,&quot;enable_glow_container&quot;:&quot;no&quot;}\">\n\t\t\t\t<div class=\"elementor-element elementor-element-837d7ab elementor-widget elementor-widget-heading\" data-id=\"837d7ab\" data-element_type=\"widget\" data-e-type=\"widget\" data-widget_type=\"heading.default\">\n\t\t\t\t\t<h2 class=\"elementor-heading-title elementor-size-default\">Certifik\u00e1t FSC\u00ae<\/h2>\t\t\t\t<\/div>\n\t\t\t\t<div class=\"elementor-element elementor-element-6aac8b1 elementor-widget elementor-widget-text-editor\" data-id=\"6aac8b1\" data-element_type=\"widget\" data-e-type=\"widget\" data-widget_type=\"text-editor.default\">\n\t\t\t\t\t\t\t\t\t<p>Na\u0161e produkty poch\u00e1zej\u00ed z odpov\u011bdn\u00e9ho lesn\u00edho hospod\u00e1\u0159stv\u00ed.<br><br>Dne 25.3.2016 jsme obdr\u017eeli certifik\u00e1t FSC\u00ae vydan\u00fd spole\u010dnost\u00ed NEPCon (\u010d\u00edslo certifik\u00e1tu NC-COC-012373), licen\u010dn\u00ed \u010d\u00edslo FSC\u00ae C018647.<\/p>\t\t\t\t\t\t\t\t<\/div>\n\t\t\t\t<div class=\"elementor-element elementor-element-990b48b elementor-align-right elementor-absolute cardButton elementor-widget elementor-widget-button\" data-id=\"990b48b\" data-element_type=\"widget\" data-e-type=\"widget\" data-settings=\"{&quot;_position&quot;:&quot;absolute&quot;}\" data-widget_type=\"button.default\">\n\t\t\t\t\t\t\t\t\t\t<a class=\"elementor-button elementor-button-link elementor-size-sm\" href=\"https:\/\/zing.com.pl\/wp-content\/uploads\/2025\/03\/ZING-Spolka-Akcyjna-FSC-COC-Certificate-1.3.2025.pdf\">\n\t\t\t\t\t\t<span class=\"elementor-button-content-wrapper\">\n\t\t\t\t\t\t\t\t\t<span class=\"elementor-button-text\">St\u00e1hnout dokument<\/span>\n\t\t\t\t\t<\/span>\n\t\t\t\t\t<\/a>\n\t\t\t\t\t\t\t\t<\/div>\n\t\t\t\t<\/div>\n\t\t<div class=\"elementor-element elementor-element-09a77a3 e-con-full e-flex e-con e-child\" data-id=\"09a77a3\" data-element_type=\"container\" data-e-type=\"container\" data-settings=\"{&quot;background_background&quot;:&quot;classic&quot;,&quot;enable_glow_container&quot;:&quot;no&quot;}\">\n\t\t\t\t<div class=\"elementor-element elementor-element-148d95f elementor-widget elementor-widget-heading\" data-id=\"148d95f\" data-element_type=\"widget\" data-e-type=\"widget\" data-widget_type=\"heading.default\">\n\t\t\t\t\t<h2 class=\"elementor-heading-title elementor-size-default\">Certifik\u00e1t PEFC<\/h2>\t\t\t\t<\/div>\n\t\t\t\t<div class=\"elementor-element elementor-element-ca031c9 elementor-widget elementor-widget-text-editor\" data-id=\"ca031c9\" data-element_type=\"widget\" data-e-type=\"widget\" data-widget_type=\"text-editor.default\">\n\t\t\t\t\t\t\t\t\tKa\u017ed\u00e1 f\u00e1ze v\u00fdroby spl\u0148uje nejvy\u0161\u0161\u00ed ekologick\u00e9 standardy.<br><br>Dne 31.8.2012 spole\u010dnost ZING S.A obdr\u017eela certifik\u00e1t PEFC \u010d\u00edslo PBN-PEFC-COC-000048 vydan\u00fd spole\u010dnost\u00ed NEPCon.\t\t\t\t\t\t\t\t<\/div>\n\t\t\t\t<div class=\"elementor-element elementor-element-e88c1be elementor-align-right elementor-absolute cardButton elementor-widget elementor-widget-button\" data-id=\"e88c1be\" data-element_type=\"widget\" data-e-type=\"widget\" data-settings=\"{&quot;_position&quot;:&quot;absolute&quot;}\" data-widget_type=\"button.default\">\n\t\t\t\t\t\t\t\t\t\t<a class=\"elementor-button elementor-button-link elementor-size-sm\" href=\"https:\/\/zing.com.pl\/wp-content\/uploads\/2024\/12\/ZING-Spolka-Akcyjna-PEFC-COC-Certificate-29.5.2024.pdf\">\n\t\t\t\t\t\t<span class=\"elementor-button-content-wrapper\">\n\t\t\t\t\t\t\t\t\t<span class=\"elementor-button-text\">St\u00e1hnout dokument<\/span>\n\t\t\t\t\t<\/span>\n\t\t\t\t\t<\/a>\n\t\t\t\t\t\t\t\t<\/div>\n\t\t\t\t<\/div>\n\t\t<div class=\"elementor-element elementor-element-b6bbe6e e-con-full e-flex e-con e-child\" data-id=\"b6bbe6e\" data-element_type=\"container\" data-e-type=\"container\" data-settings=\"{&quot;background_background&quot;:&quot;classic&quot;,&quot;enable_glow_container&quot;:&quot;no&quot;}\">\n\t\t\t\t<div class=\"elementor-element elementor-element-cdf4592 elementor-widget elementor-widget-heading\" data-id=\"cdf4592\" data-element_type=\"widget\" data-e-type=\"widget\" data-widget_type=\"heading.default\">\n\t\t\t\t\t<h2 class=\"elementor-heading-title elementor-size-default\">Registrace v BDO<\/h2>\t\t\t\t<\/div>\n\t\t\t\t<div class=\"elementor-element elementor-element-a4106ed elementor-widget elementor-widget-text-editor\" data-id=\"a4106ed\" data-element_type=\"widget\" data-e-type=\"widget\" data-widget_type=\"text-editor.default\">\n\t\t\t\t\t\t\t\t\tOdpov\u011bdn\u011b nakl\u00e1d\u00e1me s odpady.<br><br>ZiNG byl zaregistrov\u00e1n v BDO pod \u010d\u00edslem: 000109622.\t\t\t\t\t\t\t\t<\/div>\n\t\t\t\t<\/div>\n\t\t\t\t<\/div>\n\t\t<div class=\"elementor-element elementor-element-8b5262e e-con-full e-flex e-con e-parent\" data-id=\"8b5262e\" data-element_type=\"container\" data-e-type=\"container\" data-settings=\"{&quot;enable_glow_container&quot;:&quot;no&quot;}\">\n\t\t<div class=\"elementor-element elementor-element-0c960e4 e-con-full e-flex e-con e-child\" data-id=\"0c960e4\" data-element_type=\"container\" data-e-type=\"container\" data-settings=\"{&quot;enable_glow_container&quot;:&quot;no&quot;}\">\n\t\t\t\t<div class=\"elementor-element elementor-element-843198a elementor-widget elementor-widget-heading\" data-id=\"843198a\" data-element_type=\"widget\" data-e-type=\"widget\" data-settings=\"{&quot;custom-text-animation&quot;:&quot;type3&quot;,&quot;disable_animation_on_mobile&quot;:&quot;no&quot;}\" data-widget_type=\"heading.default\">\n\t\t\t\t\t<div data-animation-type=\"type3\" ><h1 class=\"elementor-heading-title elementor-size-default\">Podporujeme V\u00e1s v udr\u017eiteln\u00e9m rozvoji, kter\u00fd oce\u0148uj\u00ed Va\u0161i z\u00e1kazn\u00edci<\/h1><\/div>\t\t\t\t<\/div>\n\t\t\t\t<div class=\"elementor-element elementor-element-26c4685 elementor-widget elementor-widget-text-editor\" data-id=\"26c4685\" data-element_type=\"widget\" data-e-type=\"widget\" data-widget_type=\"text-editor.default\">\n\t\t\t\t\t\t\t\t\t<p>P\u0159ipojte se k n\u00e1m v misi spojov\u00e1n\u00ed dokonalosti s odpov\u011bdnost\u00ed. V\u00fdb\u011brem na\u0161ich produkt\u016f s\u00e1z\u00edte na budoucnost, ve kter\u00e9 jdou byznys a p\u0159\u00edroda ruku v ruce.<br><br>V\u011bt\u0161ina produkt\u016f dostupn\u00fdch v na\u0161\u00ed nab\u00eddce je standardn\u011b nebo na p\u0159\u00e1n\u00ed dod\u00e1v\u00e1na s certifik\u00e1tem FSC\u00ae nebo PEFC.<br><br>Pap\u00edrny, ze kter\u00fdch poch\u00e1zej\u00ed pap\u00edry a kartony v na\u0161\u00ed nab\u00eddce, v\u011bt\u0161inou spl\u0148uj\u00ed po\u017eadavky norem ISO14001, ISO9001, EMAS, OHSAS 18001, zaji\u0161\u0165uj\u00edc\u00ed \u0159\u00e1dnou p\u00e9\u010di o ekologii a optim\u00e1ln\u00ed syst\u00e9m \u0159\u00edzen\u00ed.<br><br>To m\u016f\u017ee b\u00fdt Va\u0161e dal\u0161\u00ed v\u00fdhoda.<\/p>\t\t\t\t\t\t\t\t<\/div>\n\t\t\t\t<div class=\"elementor-element elementor-element-55a39e6 elementor-absolute elementor-view-default elementor-widget elementor-widget-icon\" data-id=\"55a39e6\" data-element_type=\"widget\" data-e-type=\"widget\" data-settings=\"{&quot;_position&quot;:&quot;absolute&quot;,&quot;cew_animation_ease&quot;:&quot;power1.out&quot;,&quot;cew_animation_enable&quot;:&quot;yes&quot;,&quot;cew_animation_scrub&quot;:&quot;yes&quot;,&quot;cew_animation_scrub_value&quot;:4,&quot;cew_animation_start_toggle&quot;:&quot;yes&quot;,&quot;cew_animation_end_toggle&quot;:&quot;yes&quot;,&quot;cew_animation_translate_y_toggle&quot;:&quot;yes&quot;,&quot;cew_animation_from_translate_y&quot;:{&quot;unit&quot;:&quot;%&quot;,&quot;size&quot;:-59,&quot;sizes&quot;:[]},&quot;cew_animation_to_translate_y&quot;:{&quot;unit&quot;:&quot;%&quot;,&quot;size&quot;:53,&quot;sizes&quot;:[]},&quot;cew_animation_start_window&quot;:{&quot;unit&quot;:&quot;%&quot;,&quot;size&quot;:100,&quot;sizes&quot;:[]},&quot;cew_animation_start_element&quot;:{&quot;unit&quot;:&quot;%&quot;,&quot;size&quot;:0,&quot;sizes&quot;:[]},&quot;cew_animation_end_window&quot;:{&quot;unit&quot;:&quot;%&quot;,&quot;size&quot;:0,&quot;sizes&quot;:[]},&quot;cew_animation_end_element&quot;:{&quot;unit&quot;:&quot;%&quot;,&quot;size&quot;:100,&quot;sizes&quot;:[]},&quot;cew_animation_from_translate_y_tablet&quot;:{&quot;unit&quot;:&quot;px&quot;,&quot;size&quot;:&quot;&quot;,&quot;sizes&quot;:[]},&quot;cew_animation_from_translate_y_mobile&quot;:{&quot;unit&quot;:&quot;px&quot;,&quot;size&quot;:&quot;&quot;,&quot;sizes&quot;:[]},&quot;cew_animation_to_translate_y_tablet&quot;:{&quot;unit&quot;:&quot;px&quot;,&quot;size&quot;:&quot;&quot;,&quot;sizes&quot;:[]},&quot;cew_animation_to_translate_y_mobile&quot;:{&quot;unit&quot;:&quot;px&quot;,&quot;size&quot;:&quot;&quot;,&quot;sizes&quot;:[]}}\" data-widget_type=\"icon.default\">\n\t\t\t\t\t\t\t<div class=\"elementor-icon-wrapper\">\n\t\t\t<div class=\"elementor-icon\">\n\t\t\t<i aria-hidden=\"true\" class=\"fas fa-circle\"><\/i>\t\t\t<\/div>\n\t\t<\/div>\n\t\t\t\t\t\t<\/div>\n\t\t\t\t<\/div>\n\t\t\t\t<\/div>\n\t\t\t\t<\/div>\n\t\t","protected":false},"excerpt":{"rendered":"<p>Certifik\u00e1ty ZING S.A Nejsou to jen dokumenty \u2013 je to extern\u00ed potvrzen\u00ed nejvy\u0161\u0161\u00edch standard\u016f, kter\u00fdmi se \u0159\u00edd\u00edme ka\u017ed\u00fd den. Certifik\u00e1t FSC\u00ae Na\u0161e produkty poch\u00e1zej\u00ed z odpov\u011bdn\u00e9ho lesn\u00edho hospod\u00e1\u0159stv\u00ed. Dne 25.3.2016 jsme obdr\u017eeli certifik\u00e1t FSC\u00ae vydan\u00fd spole\u010dnost\u00ed NEPCon (\u010d\u00edslo certifik\u00e1tu NC-COC-012373), licen\u010dn\u00ed \u010d\u00edslo FSC\u00ae C018647. St\u00e1hnout dokument Certifik\u00e1t PEFC Ka\u017ed\u00e1 f\u00e1ze v\u00fdroby spl\u0148uje nejvy\u0161\u0161\u00ed ekologick\u00e9 standardy. [&hellip;]<\/p>\n","protected":false},"author":1,"featured_media":0,"parent":0,"menu_order":0,"comment_status":"closed","ping_status":"closed","template":"","meta":{"_acf_changed":false,"footnotes":""},"class_list":["post-14004","page","type-page","status-publish","hentry"],"acf":[],"_links":{"self":[{"href":"https:\/\/zing.com.pl\/cs\/wp-json\/wp\/v2\/pages\/14004","targetHints":{"allow":["GET"]}}],"collection":[{"href":"https:\/\/zing.com.pl\/cs\/wp-json\/wp\/v2\/pages"}],"about":[{"href":"https:\/\/zing.com.pl\/cs\/wp-json\/wp\/v2\/types\/page"}],"author":[{"embeddable":true,"href":"https:\/\/zing.com.pl\/cs\/wp-json\/wp\/v2\/users\/1"}],"replies":[{"embeddable":true,"href":"https:\/\/zing.com.pl\/cs\/wp-json\/wp\/v2\/comments?post=14004"}],"version-history":[{"count":1,"href":"https:\/\/zing.com.pl\/cs\/wp-json\/wp\/v2\/pages\/14004\/revisions"}],"predecessor-version":[{"id":14008,"href":"https:\/\/zing.com.pl\/cs\/wp-json\/wp\/v2\/pages\/14004\/revisions\/14008"}],"wp:attachment":[{"href":"https:\/\/zing.com.pl\/cs\/wp-json\/wp\/v2\/media?parent=14004"}],"curies":[{"name":"wp","href":"https:\/\/api.w.org\/{rel}","templated":true}]}}