{"id":14009,"date":"2024-11-06T14:21:21","date_gmt":"2024-11-06T14:21:21","guid":{"rendered":"https:\/\/zing.com.pl\/nabidka-prace\/"},"modified":"2025-12-16T06:19:02","modified_gmt":"2025-12-16T06:19:02","slug":"nabidka-prace","status":"publish","type":"page","link":"https:\/\/zing.com.pl\/cs\/nabidka-prace\/","title":{"rendered":"Nab\u00eddka pr\u00e1ce"},"content":{"rendered":"\t\t<div data-elementor-type=\"wp-page\" data-elementor-id=\"14009\" class=\"elementor elementor-14009 elementor-5016\" data-elementor-post-type=\"page\">\n\t\t\t\t<div data-morphing-gradients-background=\"&lt;div  class=&quot;cew_morphingGradientsBackground&quot;&gt;&lt;canvas  data-color1=&quot;#FE7800&quot; data-color2=&quot;&quot; data-speed=&quot;1000&quot; data-blendingMode=&quot;linear&quot;  &gt;&lt;\/canvas&gt;&lt;\/div&gt;\" class=\"elementor-element elementor-element-356fe9b e-con-full e-flex e-con e-parent\" data-id=\"356fe9b\" data-element_type=\"container\" data-e-type=\"container\" data-settings=\"{&quot;enable_morphing_gradients_background&quot;:&quot;yes&quot;,&quot;cew_animation_enable&quot;:&quot;yes&quot;,&quot;cew_animation_delay&quot;:0.5,&quot;cew_animation_clipPath_toggle&quot;:&quot;yes&quot;,&quot;cew_animation_to_clipPath_inset&quot;:{&quot;unit&quot;:&quot;custom&quot;,&quot;top&quot;:&quot;0.7vw&quot;,&quot;right&quot;:&quot;12vw&quot;,&quot;bottom&quot;:&quot;0.7vw&quot;,&quot;left&quot;:&quot;12vw&quot;,&quot;isLinked&quot;:false},&quot;cew_animation_duration&quot;:1.5,&quot;background_background&quot;:&quot;classic&quot;,&quot;gradient_color_1&quot;:&quot;#FE7800&quot;,&quot;cew_animation_to_clipPath_inset_tablet&quot;:{&quot;unit&quot;:&quot;vw&quot;,&quot;top&quot;:&quot;3&quot;,&quot;right&quot;:&quot;3&quot;,&quot;bottom&quot;:&quot;3&quot;,&quot;left&quot;:&quot;3&quot;,&quot;isLinked&quot;:true},&quot;cew_animation_to_clipPath_inset_mobile&quot;:{&quot;unit&quot;:&quot;vw&quot;,&quot;top&quot;:&quot;4&quot;,&quot;right&quot;:&quot;4&quot;,&quot;bottom&quot;:&quot;4&quot;,&quot;left&quot;:&quot;4&quot;,&quot;isLinked&quot;:true},&quot;cew_animation_ease&quot;:&quot;power1.out&quot;,&quot;cew_animation_to_borderRadius&quot;:{&quot;unit&quot;:&quot;px&quot;,&quot;top&quot;:&quot;0&quot;,&quot;right&quot;:&quot;0&quot;,&quot;bottom&quot;:&quot;0&quot;,&quot;left&quot;:&quot;0&quot;,&quot;isLinked&quot;:true},&quot;enable_glow_container&quot;:&quot;no&quot;,&quot;animation_gradient_type&quot;:&quot;type1&quot;,&quot;gradient_speed&quot;:1000,&quot;animation_gradient_color_mix&quot;:&quot;linear&quot;,&quot;cew_animation_from_clipPath_inset&quot;:{&quot;unit&quot;:&quot;%&quot;,&quot;top&quot;:0,&quot;right&quot;:0,&quot;bottom&quot;:0,&quot;left&quot;:0,&quot;isLinked&quot;:false},&quot;cew_animation_from_clipPath_inset_tablet&quot;:{&quot;unit&quot;:&quot;px&quot;,&quot;top&quot;:&quot;&quot;,&quot;right&quot;:&quot;&quot;,&quot;bottom&quot;:&quot;&quot;,&quot;left&quot;:&quot;&quot;,&quot;isLinked&quot;:true},&quot;cew_animation_from_clipPath_inset_mobile&quot;:{&quot;unit&quot;:&quot;px&quot;,&quot;top&quot;:&quot;&quot;,&quot;right&quot;:&quot;&quot;,&quot;bottom&quot;:&quot;&quot;,&quot;left&quot;:&quot;&quot;,&quot;isLinked&quot;:true},&quot;cew_animation_from_borderRadius&quot;:{&quot;unit&quot;:&quot;px&quot;,&quot;top&quot;:0,&quot;right&quot;:0,&quot;bottom&quot;:0,&quot;left&quot;:0,&quot;isLinked&quot;:false},&quot;cew_animation_from_borderRadius_tablet&quot;:{&quot;unit&quot;:&quot;px&quot;,&quot;top&quot;:&quot;&quot;,&quot;right&quot;:&quot;&quot;,&quot;bottom&quot;:&quot;&quot;,&quot;left&quot;:&quot;&quot;,&quot;isLinked&quot;:true},&quot;cew_animation_from_borderRadius_mobile&quot;:{&quot;unit&quot;:&quot;px&quot;,&quot;top&quot;:&quot;&quot;,&quot;right&quot;:&quot;&quot;,&quot;bottom&quot;:&quot;&quot;,&quot;left&quot;:&quot;&quot;,&quot;isLinked&quot;:true},&quot;cew_animation_to_borderRadius_tablet&quot;:{&quot;unit&quot;:&quot;px&quot;,&quot;top&quot;:&quot;&quot;,&quot;right&quot;:&quot;&quot;,&quot;bottom&quot;:&quot;&quot;,&quot;left&quot;:&quot;&quot;,&quot;isLinked&quot;:true},&quot;cew_animation_to_borderRadius_mobile&quot;:{&quot;unit&quot;:&quot;px&quot;,&quot;top&quot;:&quot;&quot;,&quot;right&quot;:&quot;&quot;,&quot;bottom&quot;:&quot;&quot;,&quot;left&quot;:&quot;&quot;,&quot;isLinked&quot;:true}}\">\n\t\t\t\t<div class=\"elementor-element elementor-element-825218a elementor-widget elementor-widget-heading\" data-id=\"825218a\" data-element_type=\"widget\" data-e-type=\"widget\" data-settings=\"{&quot;enable_morphing_gradients_background&quot;:&quot;yes&quot;,&quot;animation_gradient_type&quot;:&quot;type1&quot;,&quot;gradient_speed&quot;:1000,&quot;animation_gradient_color_mix&quot;:&quot;linear&quot;}\" data-widget_type=\"heading.default\">\n\t\t\t\t\t<div data-scribble-type=\"basicUnderline\" class=\"cew-scribble-text\"><h1 class=\"elementor-heading-title elementor-size-default\">Oper\u00e1tor stroje na \u0159ez\u00e1n\u00ed pap\u00edru a kartonu<\/h1><\/div>\t\t\t\t<\/div>\n\t\t\t\t<div class=\"elementor-element elementor-element-1ed5255 elementor-widget elementor-widget-text-editor\" data-id=\"1ed5255\" data-element_type=\"widget\" data-e-type=\"widget\" data-widget_type=\"text-editor.default\">\n\t\t\t\t\t\t\t\t\t<p>Hled\u00e1me osobu, kter\u00e1 m\u00e1 zku\u0161enosti s obsluhou v\u00fdrobn\u00edch stroj\u016f,<br>je p\u0159esn\u00e1 a db\u00e1 na detaily. Zbytek v\u00e1s nau\u010d\u00edme. <\/p>\t\t\t\t\t\t\t\t<\/div>\n\t\t<div class=\"elementor-element elementor-element-e097030 e-con-full e-flex e-con e-child\" data-id=\"e097030\" data-element_type=\"container\" data-e-type=\"container\" data-settings=\"{&quot;enable_glow_container&quot;:&quot;no&quot;}\">\n\t\t<div class=\"elementor-element elementor-element-df56a43 e-con-full e-flex e-con e-child\" data-id=\"df56a43\" data-element_type=\"container\" data-e-type=\"container\" data-settings=\"{&quot;enable_glow_container&quot;:&quot;no&quot;}\">\n\t\t\t\t<div class=\"elementor-element elementor-element-b507bb1 elementor-widget elementor-widget-heading\" data-id=\"b507bb1\" data-element_type=\"widget\" data-e-type=\"widget\" data-widget_type=\"heading.default\">\n\t\t\t\t\t<h1 class=\"elementor-heading-title elementor-size-default\"><b>M\u00edsto pr\u00e1ce<\/b><\/h1>\t\t\t\t<\/div>\n\t\t\t\t<div class=\"elementor-element elementor-element-889d191 elementor-widget elementor-widget-text-editor\" data-id=\"889d191\" data-element_type=\"widget\" data-e-type=\"widget\" data-widget_type=\"text-editor.default\">\n\t\t\t\t\t\t\t\t\t<p>Konotopa (okres z\u00e1padn\u00ed Var\u0161ava)<\/p>\t\t\t\t\t\t\t\t<\/div>\n\t\t\t\t<\/div>\n\t\t<div class=\"elementor-element elementor-element-6e0b9cf e-con-full e-flex e-con e-child\" data-id=\"6e0b9cf\" data-element_type=\"container\" data-e-type=\"container\" data-settings=\"{&quot;enable_glow_container&quot;:&quot;no&quot;}\">\n\t\t\t\t<div class=\"elementor-element elementor-element-28c52d8 elementor-widget elementor-widget-heading\" data-id=\"28c52d8\" data-element_type=\"widget\" data-e-type=\"widget\" data-widget_type=\"heading.default\">\n\t\t\t\t\t<h1 class=\"elementor-heading-title elementor-size-default\"><b>Typ spolupr\u00e1ce<\/b><\/h1>\t\t\t\t<\/div>\n\t\t\t\t<div class=\"elementor-element elementor-element-e1e65fa elementor-widget elementor-widget-text-editor\" data-id=\"e1e65fa\" data-element_type=\"widget\" data-e-type=\"widget\" data-widget_type=\"text-editor.default\">\n\t\t\t\t\t\t\t\t\t<p>Pln\u00fd \u00favazek<\/p>\t\t\t\t\t\t\t\t<\/div>\n\t\t\t\t<\/div>\n\t\t<div class=\"elementor-element elementor-element-641fb57 e-con-full e-flex e-con e-child\" data-id=\"641fb57\" data-element_type=\"container\" data-e-type=\"container\" data-settings=\"{&quot;enable_glow_container&quot;:&quot;no&quot;}\">\n\t\t\t\t<div class=\"elementor-element elementor-element-a24ed6c elementor-widget elementor-widget-heading\" data-id=\"a24ed6c\" data-element_type=\"widget\" data-e-type=\"widget\" data-widget_type=\"heading.default\">\n\t\t\t\t\t<h1 class=\"elementor-heading-title elementor-size-default\"><b>Typ smlouvy<\/b><\/h1>\t\t\t\t<\/div>\n\t\t\t\t<div class=\"elementor-element elementor-element-b0f3764 elementor-widget elementor-widget-text-editor\" data-id=\"b0f3764\" data-element_type=\"widget\" data-e-type=\"widget\" data-widget_type=\"text-editor.default\">\n\t\t\t\t\t\t\t\t\t<p>Pracovn\u00ed smlouva<\/p>\t\t\t\t\t\t\t\t<\/div>\n\t\t\t\t<\/div>\n\t\t\t\t<\/div>\n\t\t\t\t<div class=\"elementor-element elementor-element-ccba59f elementor-align-center elementor-widget elementor-widget-button\" data-id=\"ccba59f\" data-element_type=\"widget\" data-e-type=\"widget\" data-widget_type=\"button.default\">\n\t\t\t\t\t\t\t\t\t\t<a class=\"elementor-button elementor-button-link elementor-size-sm\" href=\"#\">\n\t\t\t\t\t\t<span class=\"elementor-button-content-wrapper\">\n\t\t\t\t\t\t\t\t\t<span class=\"elementor-button-text\">P\u0159ihlaste se na tuto pozici prost\u0159ednictv\u00edm erecruiter<\/span>\n\t\t\t\t\t<\/span>\n\t\t\t\t\t<\/a>\n\t\t\t\t\t\t\t\t<\/div>\n\t\t\t\t<\/div>\n\t\t<div class=\"elementor-element elementor-element-997b758 e-con-full e-flex e-con e-parent\" data-id=\"997b758\" data-element_type=\"container\" data-e-type=\"container\" data-settings=\"{&quot;enable_glow_container&quot;:&quot;no&quot;}\">\n\t\t<div class=\"elementor-element elementor-element-605ac0b e-con-full e-flex e-con e-child\" data-id=\"605ac0b\" data-element_type=\"container\" data-e-type=\"container\" data-settings=\"{&quot;background_background&quot;:&quot;classic&quot;,&quot;enable_glow_container&quot;:&quot;no&quot;}\">\n\t\t\t\t<div class=\"elementor-element elementor-element-8765b3b elementor-widget elementor-widget-heading\" data-id=\"8765b3b\" data-element_type=\"widget\" data-e-type=\"widget\" data-widget_type=\"heading.default\">\n\t\t\t\t\t<h2 class=\"elementor-heading-title elementor-size-default\">Po\u017eadavky<\/h2>\t\t\t\t<\/div>\n\t\t\t\t<div class=\"elementor-element elementor-element-1adc610 elementor-widget elementor-widget-text-editor\" data-id=\"1adc610\" data-element_type=\"widget\" data-e-type=\"widget\" data-widget_type=\"text-editor.default\">\n\t\t\t\t\t\t\t\t\t<ul><li>Zku\u0161enosti s obsluhou v\u00fdrobn\u00edch stroj\u016f<\/li><li>P\u0159esnost a db\u00e1n\u00ed na detaily<\/li><li>Dobr\u00e1 organizace pr\u00e1ce, dodr\u017eov\u00e1n\u00ed term\u00edn\u016f<\/li><li>Ochota pracovat na sm\u011bny od pond\u011bl\u00ed do p\u00e1tku<\/li><\/ul>\t\t\t\t\t\t\t\t<\/div>\n\t\t\t\t<\/div>\n\t\t<div class=\"elementor-element elementor-element-f2a957a e-con-full e-flex e-con e-child\" data-id=\"f2a957a\" data-element_type=\"container\" data-e-type=\"container\" data-settings=\"{&quot;background_background&quot;:&quot;classic&quot;,&quot;enable_glow_container&quot;:&quot;no&quot;}\">\n\t\t\t\t<div class=\"elementor-element elementor-element-cabcc51 elementor-widget elementor-widget-heading\" data-id=\"cabcc51\" data-element_type=\"widget\" data-e-type=\"widget\" data-widget_type=\"heading.default\">\n\t\t\t\t\t<h2 class=\"elementor-heading-title elementor-size-default\">N\u00e1pl\u0148 pr\u00e1ce<\/h2>\t\t\t\t<\/div>\n\t\t\t\t<div class=\"elementor-element elementor-element-50b74ea elementor-widget elementor-widget-text-editor\" data-id=\"50b74ea\" data-element_type=\"widget\" data-e-type=\"widget\" data-widget_type=\"text-editor.default\">\n\t\t\t\t\t\t\t\t\t<ul><li>Realizace v\u00fdrobn\u00edch zak\u00e1zek<\/li><li>Dohled nad procesem \u0159ez\u00e1n\u00ed a kontrola kvality<\/li><li>Nastavov\u00e1n\u00ed stroje pro v\u00fdrobu<\/li><li>\u010ci\u0161t\u011bn\u00ed a \u00fadr\u017eba stroje<\/li><li>Pl\u00e1novan\u00e9 a v\u010dasn\u00e9 prov\u00e1d\u011bn\u00ed prac\u00ed<\/li><\/ul>\t\t\t\t\t\t\t\t<\/div>\n\t\t\t\t<\/div>\n\t\t\t\t<\/div>\n\t\t<div class=\"elementor-element elementor-element-49120aa e-con-full e-flex e-con e-parent\" data-id=\"49120aa\" data-element_type=\"container\" data-e-type=\"container\" data-settings=\"{&quot;enable_glow_container&quot;:&quot;no&quot;}\">\n\t\t<div class=\"elementor-element elementor-element-edfc5b7 e-con-full e-flex e-con e-child\" data-id=\"edfc5b7\" data-element_type=\"container\" data-e-type=\"container\" data-settings=\"{&quot;background_background&quot;:&quot;classic&quot;,&quot;enable_glow_container&quot;:&quot;no&quot;}\">\n\t\t<div class=\"elementor-element elementor-element-f840eb1 e-con-full e-flex e-con e-child\" data-id=\"f840eb1\" data-element_type=\"container\" data-e-type=\"container\" data-settings=\"{&quot;enable_glow_container&quot;:&quot;no&quot;}\">\n\t\t\t\t<div class=\"elementor-element elementor-element-cb99ead elementor-widget elementor-widget-heading\" data-id=\"cb99ead\" data-element_type=\"widget\" data-e-type=\"widget\" data-widget_type=\"heading.default\">\n\t\t\t\t\t<h2 class=\"elementor-heading-title elementor-size-default\">V\u00fdhody<\/h2>\t\t\t\t<\/div>\n\t\t\t\t<div class=\"elementor-element elementor-element-bcaa861 elementor-widget elementor-widget-text-editor\" data-id=\"bcaa861\" data-element_type=\"widget\" data-e-type=\"widget\" data-widget_type=\"text-editor.default\">\n\t\t\t\t\t\t\t\t\t<ul><li>Zam\u011bstn\u00e1n\u00ed ve firm\u011b s pevnou pozic\u00ed na trhu<\/li><li>Konkurenceschopn\u00e9 odm\u011b\u0148ov\u00e1n\u00ed<\/li><li>Dal\u0161\u00ed benefity, tj. karta MultiSport, p\u0159\u00edplatky, st\u00e1l\u00e9 stravov\u00e1n\u00ed <\/li><\/ul><p><b><br>Kdo jsme?<br><\/b>ZING je nejv\u011bt\u0161\u00edm polsk\u00fdm distributorem pap\u00edru a surovin ur\u010den\u00fdch pro v\u00fdrobu obal\u016f a materi\u00e1l\u016f pro vizu\u00e1ln\u00ed komunikaci. M\u016f\u017eete si b\u00fdt jisti stabiln\u00edm zam\u011bstn\u00e1n\u00edm a vysokou organiza\u010dn\u00ed kulturou. <\/p>\t\t\t\t\t\t\t\t<\/div>\n\t\t\t\t<\/div>\n\t\t\t\t<\/div>\n\t\t\t\t<\/div>\n\t\t\t\t<\/div>\n\t\t","protected":false},"excerpt":{"rendered":"<p>Oper\u00e1tor stroje na \u0159ez\u00e1n\u00ed pap\u00edru a kartonu Hled\u00e1me osobu, kter\u00e1 m\u00e1 zku\u0161enosti s obsluhou v\u00fdrobn\u00edch stroj\u016f,je p\u0159esn\u00e1 a db\u00e1 na detaily. Zbytek v\u00e1s nau\u010d\u00edme. M\u00edsto pr\u00e1ce Konotopa (okres z\u00e1padn\u00ed Var\u0161ava) Typ spolupr\u00e1ce Pln\u00fd \u00favazek Typ smlouvy Pracovn\u00ed smlouva P\u0159ihlaste se na tuto pozici prost\u0159ednictv\u00edm erecruiter Po\u017eadavky Zku\u0161enosti s obsluhou v\u00fdrobn\u00edch stroj\u016f P\u0159esnost a db\u00e1n\u00ed na [&hellip;]<\/p>\n","protected":false},"author":1,"featured_media":0,"parent":0,"menu_order":0,"comment_status":"closed","ping_status":"closed","template":"","meta":{"_acf_changed":false,"footnotes":""},"class_list":["post-14009","page","type-page","status-publish","hentry"],"acf":[],"_links":{"self":[{"href":"https:\/\/zing.com.pl\/cs\/wp-json\/wp\/v2\/pages\/14009","targetHints":{"allow":["GET"]}}],"collection":[{"href":"https:\/\/zing.com.pl\/cs\/wp-json\/wp\/v2\/pages"}],"about":[{"href":"https:\/\/zing.com.pl\/cs\/wp-json\/wp\/v2\/types\/page"}],"author":[{"embeddable":true,"href":"https:\/\/zing.com.pl\/cs\/wp-json\/wp\/v2\/users\/1"}],"replies":[{"embeddable":true,"href":"https:\/\/zing.com.pl\/cs\/wp-json\/wp\/v2\/comments?post=14009"}],"version-history":[{"count":1,"href":"https:\/\/zing.com.pl\/cs\/wp-json\/wp\/v2\/pages\/14009\/revisions"}],"predecessor-version":[{"id":14010,"href":"https:\/\/zing.com.pl\/cs\/wp-json\/wp\/v2\/pages\/14009\/revisions\/14010"}],"wp:attachment":[{"href":"https:\/\/zing.com.pl\/cs\/wp-json\/wp\/v2\/media?parent=14009"}],"curies":[{"name":"wp","href":"https:\/\/api.w.org\/{rel}","templated":true}]}}