{"id":14061,"date":"2024-08-19T12:57:12","date_gmt":"2024-08-19T12:57:12","guid":{"rendered":"https:\/\/zing.com.pl\/kontakt\/"},"modified":"2025-12-16T06:22:45","modified_gmt":"2025-12-16T06:22:45","slug":"kontakt","status":"publish","type":"page","link":"https:\/\/zing.com.pl\/cs\/kontakt\/","title":{"rendered":"Kontakt"},"content":{"rendered":"\t\t<div data-elementor-type=\"wp-page\" data-elementor-id=\"14061\" class=\"elementor elementor-14061 elementor-2802\" data-elementor-post-type=\"page\">\n\t\t\t\t<div data-morphing-gradients-background=\"&lt;div  class=&quot;cew_morphingGradientsBackground&quot;&gt;&lt;canvas  data-color1=&quot;#FE7800&quot; data-color2=&quot;&quot; data-speed=&quot;1000&quot; data-blendingMode=&quot;linear&quot;  &gt;&lt;\/canvas&gt;&lt;\/div&gt;\" class=\"elementor-element elementor-element-42c46a1 e-con-full e-flex e-con e-parent\" data-id=\"42c46a1\" data-element_type=\"container\" data-e-type=\"container\" data-settings=\"{&quot;enable_morphing_gradients_background&quot;:&quot;yes&quot;,&quot;cew_animation_enable&quot;:&quot;yes&quot;,&quot;cew_animation_delay&quot;:0.5,&quot;cew_animation_clipPath_toggle&quot;:&quot;yes&quot;,&quot;cew_animation_to_clipPath_inset&quot;:{&quot;unit&quot;:&quot;custom&quot;,&quot;top&quot;:&quot;0.7vw&quot;,&quot;right&quot;:&quot;12vw&quot;,&quot;bottom&quot;:&quot;0.7vw&quot;,&quot;left&quot;:&quot;12vw&quot;,&quot;isLinked&quot;:false},&quot;cew_animation_duration&quot;:1.5,&quot;background_background&quot;:&quot;classic&quot;,&quot;gradient_color_1&quot;:&quot;#FE7800&quot;,&quot;cew_animation_to_clipPath_inset_tablet&quot;:{&quot;unit&quot;:&quot;vw&quot;,&quot;top&quot;:&quot;3&quot;,&quot;right&quot;:&quot;3&quot;,&quot;bottom&quot;:&quot;3&quot;,&quot;left&quot;:&quot;3&quot;,&quot;isLinked&quot;:true},&quot;cew_animation_to_clipPath_inset_mobile&quot;:{&quot;unit&quot;:&quot;vw&quot;,&quot;top&quot;:&quot;4&quot;,&quot;right&quot;:&quot;4&quot;,&quot;bottom&quot;:&quot;4&quot;,&quot;left&quot;:&quot;4&quot;,&quot;isLinked&quot;:true},&quot;cew_animation_ease&quot;:&quot;power1.out&quot;,&quot;cew_animation_to_borderRadius&quot;:{&quot;unit&quot;:&quot;px&quot;,&quot;top&quot;:&quot;0&quot;,&quot;right&quot;:&quot;0&quot;,&quot;bottom&quot;:&quot;0&quot;,&quot;left&quot;:&quot;0&quot;,&quot;isLinked&quot;:true},&quot;enable_glow_container&quot;:&quot;no&quot;,&quot;animation_gradient_type&quot;:&quot;type1&quot;,&quot;gradient_speed&quot;:1000,&quot;animation_gradient_color_mix&quot;:&quot;linear&quot;,&quot;cew_animation_from_clipPath_inset&quot;:{&quot;unit&quot;:&quot;%&quot;,&quot;top&quot;:0,&quot;right&quot;:0,&quot;bottom&quot;:0,&quot;left&quot;:0,&quot;isLinked&quot;:false},&quot;cew_animation_from_clipPath_inset_tablet&quot;:{&quot;unit&quot;:&quot;px&quot;,&quot;top&quot;:&quot;&quot;,&quot;right&quot;:&quot;&quot;,&quot;bottom&quot;:&quot;&quot;,&quot;left&quot;:&quot;&quot;,&quot;isLinked&quot;:true},&quot;cew_animation_from_clipPath_inset_mobile&quot;:{&quot;unit&quot;:&quot;px&quot;,&quot;top&quot;:&quot;&quot;,&quot;right&quot;:&quot;&quot;,&quot;bottom&quot;:&quot;&quot;,&quot;left&quot;:&quot;&quot;,&quot;isLinked&quot;:true},&quot;cew_animation_from_borderRadius&quot;:{&quot;unit&quot;:&quot;px&quot;,&quot;top&quot;:0,&quot;right&quot;:0,&quot;bottom&quot;:0,&quot;left&quot;:0,&quot;isLinked&quot;:false},&quot;cew_animation_from_borderRadius_tablet&quot;:{&quot;unit&quot;:&quot;px&quot;,&quot;top&quot;:&quot;&quot;,&quot;right&quot;:&quot;&quot;,&quot;bottom&quot;:&quot;&quot;,&quot;left&quot;:&quot;&quot;,&quot;isLinked&quot;:true},&quot;cew_animation_from_borderRadius_mobile&quot;:{&quot;unit&quot;:&quot;px&quot;,&quot;top&quot;:&quot;&quot;,&quot;right&quot;:&quot;&quot;,&quot;bottom&quot;:&quot;&quot;,&quot;left&quot;:&quot;&quot;,&quot;isLinked&quot;:true},&quot;cew_animation_to_borderRadius_tablet&quot;:{&quot;unit&quot;:&quot;px&quot;,&quot;top&quot;:&quot;&quot;,&quot;right&quot;:&quot;&quot;,&quot;bottom&quot;:&quot;&quot;,&quot;left&quot;:&quot;&quot;,&quot;isLinked&quot;:true},&quot;cew_animation_to_borderRadius_mobile&quot;:{&quot;unit&quot;:&quot;px&quot;,&quot;top&quot;:&quot;&quot;,&quot;right&quot;:&quot;&quot;,&quot;bottom&quot;:&quot;&quot;,&quot;left&quot;:&quot;&quot;,&quot;isLinked&quot;:true}}\">\n\t\t\t\t<div class=\"elementor-element elementor-element-f3bda84 elementor-widget elementor-widget-heading\" data-id=\"f3bda84\" data-element_type=\"widget\" data-e-type=\"widget\" data-settings=\"{&quot;enable_morphing_gradients_background&quot;:&quot;yes&quot;,&quot;animation_gradient_type&quot;:&quot;type1&quot;,&quot;gradient_speed&quot;:1000,&quot;animation_gradient_color_mix&quot;:&quot;linear&quot;}\" data-widget_type=\"heading.default\">\n\t\t\t\t\t<div data-scribble-type=\"basicUnderline\" class=\"cew-scribble-text\"><h1 class=\"elementor-heading-title elementor-size-default\">Dobr\u00e9 projekty <br>pot\u0159ebuj\u00ed dobr\u00fd podklad<\/h1><\/div>\t\t\t\t<\/div>\n\t\t\t\t<div class=\"elementor-element elementor-element-25515ed elementor-widget elementor-widget-text-editor\" data-id=\"25515ed\" data-element_type=\"widget\" data-e-type=\"widget\" data-widget_type=\"text-editor.default\">\n\t\t\t\t\t\t\t\t\tM\u016f\u017eete ho m\u00edt u sebe do 24 hodin. <br>Napi\u0161te n\u00e1m pro nez\u00e1vaznou nab\u00eddku.\t\t\t\t\t\t\t\t<\/div>\n\t\t<div class=\"elementor-element elementor-element-dbb66e9 e-con-full e-flex e-con e-child\" data-id=\"dbb66e9\" data-element_type=\"container\" data-e-type=\"container\" data-settings=\"{&quot;enable_glow_container&quot;:&quot;no&quot;}\">\n\t\t\t\t<div class=\"elementor-element elementor-element-012f8b2 elementor-widget elementor-widget-text-editor\" data-id=\"012f8b2\" data-element_type=\"widget\" data-e-type=\"widget\" data-widget_type=\"text-editor.default\">\n\t\t\t\t\t\t\t\t\t<p><b>ZING AKCIOV\u00c1 SPOLE\u010cNOST <\/b><\/p><p>info.pl@zing.com.pl<br><a href=\"tel:+48225922929\">(+48) 22 592 29 29<\/a><\/p><p>infolinka: <a href=\"http:\/\/801322333\" data-wplink-url-error=\"true\">801 322 333<\/a><\/p><p>Al. Jerozolimskie 212<br>02-486 Warszawa <\/p><p>Z\u00e1kladn\u00ed kapit\u00e1l: 29.706.400 z\u0142<br>KRS: 0000941448<br>DI\u010c: 945-18-15-789<br>Obvodn\u00ed soud pro<br>hl. m. Var\u0161avu ve Var\u0161av\u011b,<br>XIV. obchodn\u00ed odd\u011blen\u00ed KRS <\/p>\t\t\t\t\t\t\t\t<\/div>\n\t\t\t\t<div class=\"elementor-element elementor-element-e0cf936 elementor-widget elementor-widget-text-editor\" data-id=\"e0cf936\" data-element_type=\"widget\" data-e-type=\"widget\" data-widget_type=\"text-editor.default\">\n\t\t\t\t\t\t\t\t\t<p><b>Centr\u00e1ln\u00ed sklad<br><\/b><\/p><p>ul. Fio\u0142kowa 16<br>05-850 Konotopa <br><a href=\"tel:+48734456274\">+ 48 734 456 274<\/a><\/p>\t\t\t\t\t\t\t\t<\/div>\n\t\t\t\t<div class=\"elementor-element elementor-element-a66348d elementor-widget elementor-widget-text-editor\" data-id=\"a66348d\" data-element_type=\"widget\" data-e-type=\"widget\" data-widget_type=\"text-editor.default\">\n\t\t\t\t\t\t\t\t\t<p><b>Logistick\u00e9 slu\u017eby <\/b><\/p><p>logistyka@zing.com.pl<br><a href=\"http:\/\/+48%20785%20898%20044t\" data-wplink-url-error=\"true\">+48 785 898 044<\/a><br><a href=\"tel:+48795355690\">+48 795 355 690<\/a><\/p>\t\t\t\t\t\t\t\t<\/div>\n\t\t\t\t<\/div>\n\t\t\t\t<\/div>\n\t\t<div class=\"elementor-element elementor-element-1212fff e-con-full e-flex e-con e-parent\" data-id=\"1212fff\" data-element_type=\"container\" data-e-type=\"container\" data-settings=\"{&quot;enable_glow_container&quot;:&quot;no&quot;}\">\n\t\t\t\t<div class=\"elementor-element elementor-element-fb958f7 elementor-widget elementor-widget-heading\" data-id=\"fb958f7\" data-element_type=\"widget\" data-e-type=\"widget\" data-widget_type=\"heading.default\">\n\t\t\t\t\t<h2 class=\"elementor-heading-title elementor-size-default\">Najd\u011bte si z\u00e1stupce ve sv\u00e9m okol\u00ed<\/h2>\t\t\t\t<\/div>\n\t\t\t\t<div class=\"elementor-element elementor-element-da6e337 elementor-widget elementor-widget-owocni-zing-map\" data-id=\"da6e337\" data-element_type=\"widget\" data-e-type=\"widget\" data-widget_type=\"owocni-zing-map.default\">\n\t\t\t\t<div class=\"elementor-widget-container\">\n\t\t\t\t\t        <section class=\"section section--map-new\">\n            <div class=\"map-hld\">\n                <img decoding=\"async\" src=\"https:\/\/zing.com.pl\/wp-content\/plugins\/owocni-zing-plugin\/widgets\/Polska.jpg\" alt=\"Mapa\">\n                <div class=\"marker-hld\" data-index=\"1\" style=\"left: %; top: %;\"><div class=\"marker\"><\/div><div class=\"marker-content\"><span class=\"close icon-close\"><\/span><\/div><\/div><div class=\"marker-hld\" data-index=\"2\" style=\"left: %; top: %;\"><div class=\"marker\"><\/div><div class=\"marker-content\"><span class=\"close icon-close\"><\/span><\/div><\/div><div class=\"marker-hld\" data-index=\"3\" style=\"left: %; top: %;\"><div class=\"marker\"><\/div><div class=\"marker-content\"><span class=\"close icon-close\"><\/span><\/div><\/div><div class=\"marker-hld\" data-index=\"4\" style=\"left: %; top: %;\"><div class=\"marker\"><\/div><div class=\"marker-content\"><span class=\"close icon-close\"><\/span><\/div><\/div><div class=\"marker-hld\" data-index=\"5\" style=\"left: %; top: %;\"><div class=\"marker\"><\/div><div class=\"marker-content\"><span class=\"close icon-close\"><\/span><\/div><\/div><div class=\"marker-hld\" data-index=\"6\" style=\"left: %; top: %;\"><div class=\"marker\"><\/div><div class=\"marker-content\"><span class=\"close icon-close\"><\/span><\/div><\/div><div class=\"marker-hld\" data-index=\"7\" style=\"left: %; top: %;\"><div class=\"marker\"><\/div><div class=\"marker-content\"><span class=\"close icon-close\"><\/span><\/div><\/div><div class=\"marker-hld\" data-index=\"8\" style=\"left: %; top: %;\"><div class=\"marker\"><\/div><div class=\"marker-content\"><span class=\"close icon-close\"><\/span><\/div><\/div><div class=\"marker-hld\" data-index=\"9\" style=\"left: %; top: %;\"><div class=\"marker\"><\/div><div class=\"marker-content\"><span class=\"close icon-close\"><\/span><\/div><\/div><div class=\"marker-hld\" data-index=\"10\" style=\"left: %; top: %;\"><div class=\"marker\"><\/div><div class=\"marker-content\"><span class=\"close icon-close\"><\/span><\/div><\/div><div class=\"marker-hld\" data-index=\"11\" style=\"left: %; top: %;\"><div class=\"marker\"><\/div><div class=\"marker-content\"><span class=\"close icon-close\"><\/span><\/div><\/div><div class=\"marker-hld\" data-index=\"12\" style=\"left: %; top: %;\"><div class=\"marker\"><\/div><div class=\"marker-content\"><span class=\"close icon-close\"><\/span><\/div><\/div>            <\/div>\n        <\/section>\n        \t\t\t\t<\/div>\n\t\t\t\t<\/div>\n\t\t\t\t<\/div>\n\t\t<div class=\"elementor-element elementor-element-65012da e-con-full e-flex e-con e-parent\" data-id=\"65012da\" data-element_type=\"container\" data-e-type=\"container\" data-settings=\"{&quot;enable_glow_container&quot;:&quot;no&quot;}\">\n\t\t<div class=\"elementor-element elementor-element-de3cded e-con-full e-flex e-con e-child\" data-id=\"de3cded\" data-element_type=\"container\" data-e-type=\"container\" data-settings=\"{&quot;enable_glow_container&quot;:&quot;no&quot;}\">\n\t\t\t\t<div class=\"elementor-element elementor-element-fbf1baa elementor-widget elementor-widget-heading\" data-id=\"fbf1baa\" data-element_type=\"widget\" data-e-type=\"widget\" data-settings=\"{&quot;custom-text-animation&quot;:&quot;type3&quot;,&quot;disable_animation_on_mobile&quot;:&quot;no&quot;}\" data-widget_type=\"heading.default\">\n\t\t\t\t\t<div data-animation-type=\"type3\" ><h1 class=\"elementor-heading-title elementor-size-default\">Pro\u010d ZING?<\/h1><\/div>\t\t\t\t<\/div>\n\t\t\t\t<div class=\"elementor-element elementor-element-18c7669 elementor-widget elementor-widget-text-editor\" data-id=\"18c7669\" data-element_type=\"widget\" data-e-type=\"widget\" data-widget_type=\"text-editor.default\">\n\t\t\t\t\t\t\t\t\tS n\u00e1mi m\u016f\u017eete pracovat s klidem. Bez obav o v\u010dasnost dod\u00e1vek &#8211; realizujeme je do 24 hodin. Bez rizika chyby p\u0159i \u0159ez\u00e1n\u00ed podklad\u016f &#8211; d\u011bl\u00e1me to za v\u00e1s. Bez starost\u00ed o skladov\u00e1n\u00ed &#8211; nab\u00edz\u00edme dod\u00e1vky JiT a skladov\u00e1n\u00ed zbo\u017e\u00ed. Bez nutnosti hledat n\u011bkolik dodavatel\u016f &#8211; na 41 tis\u00edc\u00edch m\u00b2 skladu m\u00e1me to, co pot\u0159ebujete.    \t\t\t\t\t\t\t\t<\/div>\n\t\t\t\t<div class=\"elementor-element elementor-element-51d9a68 elementor-absolute elementor-view-default elementor-widget elementor-widget-icon\" data-id=\"51d9a68\" data-element_type=\"widget\" data-e-type=\"widget\" data-settings=\"{&quot;_position&quot;:&quot;absolute&quot;,&quot;cew_animation_ease&quot;:&quot;power1.out&quot;,&quot;cew_animation_enable&quot;:&quot;yes&quot;,&quot;cew_animation_scrub&quot;:&quot;yes&quot;,&quot;cew_animation_scrub_value&quot;:4,&quot;cew_animation_start_toggle&quot;:&quot;yes&quot;,&quot;cew_animation_end_toggle&quot;:&quot;yes&quot;,&quot;cew_animation_translate_y_toggle&quot;:&quot;yes&quot;,&quot;cew_animation_from_translate_y&quot;:{&quot;unit&quot;:&quot;%&quot;,&quot;size&quot;:-59,&quot;sizes&quot;:[]},&quot;cew_animation_to_translate_y&quot;:{&quot;unit&quot;:&quot;%&quot;,&quot;size&quot;:53,&quot;sizes&quot;:[]},&quot;cew_animation_start_window&quot;:{&quot;unit&quot;:&quot;%&quot;,&quot;size&quot;:100,&quot;sizes&quot;:[]},&quot;cew_animation_start_element&quot;:{&quot;unit&quot;:&quot;%&quot;,&quot;size&quot;:0,&quot;sizes&quot;:[]},&quot;cew_animation_end_window&quot;:{&quot;unit&quot;:&quot;%&quot;,&quot;size&quot;:0,&quot;sizes&quot;:[]},&quot;cew_animation_end_element&quot;:{&quot;unit&quot;:&quot;%&quot;,&quot;size&quot;:100,&quot;sizes&quot;:[]},&quot;cew_animation_from_translate_y_tablet&quot;:{&quot;unit&quot;:&quot;px&quot;,&quot;size&quot;:&quot;&quot;,&quot;sizes&quot;:[]},&quot;cew_animation_from_translate_y_mobile&quot;:{&quot;unit&quot;:&quot;px&quot;,&quot;size&quot;:&quot;&quot;,&quot;sizes&quot;:[]},&quot;cew_animation_to_translate_y_tablet&quot;:{&quot;unit&quot;:&quot;px&quot;,&quot;size&quot;:&quot;&quot;,&quot;sizes&quot;:[]},&quot;cew_animation_to_translate_y_mobile&quot;:{&quot;unit&quot;:&quot;px&quot;,&quot;size&quot;:&quot;&quot;,&quot;sizes&quot;:[]}}\" data-widget_type=\"icon.default\">\n\t\t\t\t\t\t\t<div class=\"elementor-icon-wrapper\">\n\t\t\t<div class=\"elementor-icon\">\n\t\t\t<i aria-hidden=\"true\" class=\"fas fa-circle\"><\/i>\t\t\t<\/div>\n\t\t<\/div>\n\t\t\t\t\t\t<\/div>\n\t\t\t\t<\/div>\n\t\t\t\t<\/div>\n\t\t\t\t<\/div>\n\t\t","protected":false},"excerpt":{"rendered":"<p>Dobr\u00e9 projekty pot\u0159ebuj\u00ed dobr\u00fd podklad M\u016f\u017eete ho m\u00edt u sebe do 24 hodin. Napi\u0161te n\u00e1m pro nez\u00e1vaznou nab\u00eddku. ZING AKCIOV\u00c1 SPOLE\u010cNOST info.pl@zing.com.pl(+48) 22 592 29 29 infolinka: 801 322 333 Al. Jerozolimskie 21202-486 Warszawa Z\u00e1kladn\u00ed kapit\u00e1l: 29.706.400 z\u0142KRS: 0000941448DI\u010c: 945-18-15-789Obvodn\u00ed soud prohl. m. Var\u0161avu ve Var\u0161av\u011b,XIV. obchodn\u00ed odd\u011blen\u00ed KRS Centr\u00e1ln\u00ed sklad ul. Fio\u0142kowa 1605-850 Konotopa [&hellip;]<\/p>\n","protected":false},"author":1,"featured_media":0,"parent":0,"menu_order":0,"comment_status":"closed","ping_status":"closed","template":"","meta":{"_acf_changed":false,"footnotes":""},"class_list":["post-14061","page","type-page","status-publish","hentry"],"acf":[],"_links":{"self":[{"href":"https:\/\/zing.com.pl\/cs\/wp-json\/wp\/v2\/pages\/14061","targetHints":{"allow":["GET"]}}],"collection":[{"href":"https:\/\/zing.com.pl\/cs\/wp-json\/wp\/v2\/pages"}],"about":[{"href":"https:\/\/zing.com.pl\/cs\/wp-json\/wp\/v2\/types\/page"}],"author":[{"embeddable":true,"href":"https:\/\/zing.com.pl\/cs\/wp-json\/wp\/v2\/users\/1"}],"replies":[{"embeddable":true,"href":"https:\/\/zing.com.pl\/cs\/wp-json\/wp\/v2\/comments?post=14061"}],"version-history":[{"count":1,"href":"https:\/\/zing.com.pl\/cs\/wp-json\/wp\/v2\/pages\/14061\/revisions"}],"predecessor-version":[{"id":14062,"href":"https:\/\/zing.com.pl\/cs\/wp-json\/wp\/v2\/pages\/14061\/revisions\/14062"}],"wp:attachment":[{"href":"https:\/\/zing.com.pl\/cs\/wp-json\/wp\/v2\/media?parent=14061"}],"curies":[{"name":"wp","href":"https:\/\/api.w.org\/{rel}","templated":true}]}}