{"id":14185,"date":"2024-12-02T14:20:45","date_gmt":"2024-12-02T14:20:45","guid":{"rendered":"https:\/\/zing.com.pl\/domu\/"},"modified":"2025-12-16T07:25:14","modified_gmt":"2025-12-16T07:25:14","slug":"domu","status":"publish","type":"page","link":"https:\/\/zing.com.pl\/cs\/domu\/","title":{"rendered":"dom\u016f"},"content":{"rendered":"\t\t<div data-elementor-type=\"wp-page\" data-elementor-id=\"14185\" class=\"elementor elementor-14185 elementor-9139\" data-elementor-post-type=\"page\">\n\t\t\t\t<div class=\"elementor-element elementor-element-cff951f e-con-full e-flex e-con e-parent\" data-id=\"cff951f\" data-element_type=\"container\" data-e-type=\"container\" data-settings=\"{&quot;enable_glow_container&quot;:&quot;no&quot;}\">\n\t\t\t\t<div class=\"elementor-element elementor-element-fd2e409 elementor-widget elementor-widget-text-editor\" data-id=\"fd2e409\" data-element_type=\"widget\" data-e-type=\"widget\" data-widget_type=\"text-editor.default\">\n\t\t\t\t\t\t\t\t\t<h3>Kdo jsme<\/h3><p>ZING je distributorem pap\u00edru, tiskov\u00fdch substr\u00e1t\u016f, m\u00e9di\u00ed pro velkoform\u00e1tovou reklamu a obalov\u00fdch materi\u00e1l\u016f. Na\u0161e historie sah\u00e1 a\u017e do roku 1991. Za v\u00edce ne\u017e 30 let pro\u0161la spole\u010dnost \u0159adou zm\u011bn jak ve vlastnictv\u00ed, tak ve struktu\u0159e, a\u017e nakonec v roce 2015 v d\u016fsledku mana\u017eersk\u00e9ho odkupu vznikla 100% polsk\u00e1 spole\u010dnost s pln\u011b polsk\u00fdm z\u00e1kladn\u00edm kapit\u00e1lem.<\/p><p>Dnes jsme hrd\u00ed na sv\u016fj nez\u00e1visl\u00fd charakter a jsme nejv\u011bt\u0161\u00ed polskou spole\u010dnost\u00ed na trhu dodavatel\u016f m\u00e9di\u00ed pro \u0161iroce pojat\u00fd polygrafick\u00fd pr\u016fmysl. St\u00e1le roz\u0161i\u0159ujeme na\u0161i nab\u00eddku a vstupujeme do sektor\u016f jako je potravin\u00e1\u0159sk\u00e9 balen\u00ed a car wrapping. N\u00e1\u0161 \u00fasp\u011bch v\u0161ak spat\u0159ujeme v nejkvalitn\u011bj\u0161\u00edm servisu, propracovan\u00e9 logistice a p\u0159edev\u0161\u00edm v dokonale sehran\u00e9m t\u00fdmu nejlep\u0161\u00edch odborn\u00edk\u016f. S celkovou skladovac\u00ed plochou v\u00edce ne\u017e 30 tis\u00edc m\u00b2, kter\u00e1 zahrnuje centr\u00e1ln\u00ed sklad v Konotop\u011b a p\u0159ekladov\u00e9 platformy ve v\u011bt\u0161\u00edch m\u011bstech, jsme schopni realizovat dod\u00e1vky kamkoli v zemi do 24 hodin a v oblasti Var\u0161avy dokonce tent\u00fd\u017e den.<\/p><p>#justzingit<\/p>\t\t\t\t\t\t\t\t<\/div>\n\t\t\t\t<\/div>\n\t\t\t\t<\/div>\n\t\t","protected":false},"excerpt":{"rendered":"<p>Kdo jsme ZING je distributorem pap\u00edru, tiskov\u00fdch substr\u00e1t\u016f, m\u00e9di\u00ed pro velkoform\u00e1tovou reklamu a obalov\u00fdch materi\u00e1l\u016f. Na\u0161e historie sah\u00e1 a\u017e do roku 1991. Za v\u00edce ne\u017e 30 let pro\u0161la spole\u010dnost \u0159adou zm\u011bn jak ve vlastnictv\u00ed, tak ve struktu\u0159e, a\u017e nakonec v roce 2015 v d\u016fsledku mana\u017eersk\u00e9ho odkupu vznikla 100% polsk\u00e1 spole\u010dnost s pln\u011b polsk\u00fdm z\u00e1kladn\u00edm kapit\u00e1lem. [&hellip;]<\/p>\n","protected":false},"author":2,"featured_media":0,"parent":0,"menu_order":0,"comment_status":"closed","ping_status":"closed","template":"","meta":{"_acf_changed":false,"footnotes":""},"class_list":["post-14185","page","type-page","status-publish","hentry"],"acf":[],"_links":{"self":[{"href":"https:\/\/zing.com.pl\/cs\/wp-json\/wp\/v2\/pages\/14185","targetHints":{"allow":["GET"]}}],"collection":[{"href":"https:\/\/zing.com.pl\/cs\/wp-json\/wp\/v2\/pages"}],"about":[{"href":"https:\/\/zing.com.pl\/cs\/wp-json\/wp\/v2\/types\/page"}],"author":[{"embeddable":true,"href":"https:\/\/zing.com.pl\/cs\/wp-json\/wp\/v2\/users\/2"}],"replies":[{"embeddable":true,"href":"https:\/\/zing.com.pl\/cs\/wp-json\/wp\/v2\/comments?post=14185"}],"version-history":[{"count":1,"href":"https:\/\/zing.com.pl\/cs\/wp-json\/wp\/v2\/pages\/14185\/revisions"}],"predecessor-version":[{"id":14186,"href":"https:\/\/zing.com.pl\/cs\/wp-json\/wp\/v2\/pages\/14185\/revisions\/14186"}],"wp:attachment":[{"href":"https:\/\/zing.com.pl\/cs\/wp-json\/wp\/v2\/media?parent=14185"}],"curies":[{"name":"wp","href":"https:\/\/api.w.org\/{rel}","templated":true}]}}