{"id":14187,"date":"2024-12-03T08:27:50","date_gmt":"2024-12-03T08:27:50","guid":{"rendered":"https:\/\/zing.com.pl\/dekujeme\/"},"modified":"2025-12-16T07:25:14","modified_gmt":"2025-12-16T07:25:14","slug":"dekujeme","status":"publish","type":"page","link":"https:\/\/zing.com.pl\/cs\/dekujeme\/","title":{"rendered":"D\u011bkujeme"},"content":{"rendered":"\t\t<div data-elementor-type=\"wp-page\" data-elementor-id=\"14187\" class=\"elementor elementor-14187 elementor-9461\" data-elementor-post-type=\"page\">\n\t\t\t\t<div class=\"elementor-element elementor-element-a5d6393 e-con-full e-flex e-con e-parent\" data-id=\"a5d6393\" data-element_type=\"container\" data-e-type=\"container\" data-settings=\"{&quot;enable_glow_container&quot;:&quot;no&quot;}\">\n\t\t\t\t<div class=\"elementor-element elementor-element-2ae2313 elementor-widget elementor-widget-heading\" data-id=\"2ae2313\" data-element_type=\"widget\" data-e-type=\"widget\" data-widget_type=\"heading.default\">\n\t\t\t\t\t<h1 class=\"elementor-heading-title elementor-size-default\">\u00dasp\u011bch! Va\u0161e zpr\u00e1va je ji\u017e v na\u0161\u00ed schr\u00e1nce<\/h1>\t\t\t\t<\/div>\n\t\t\t\t<div class=\"elementor-element elementor-element-f04cb31 elementor-widget elementor-widget-heading\" data-id=\"f04cb31\" data-element_type=\"widget\" data-e-type=\"widget\" data-widget_type=\"heading.default\">\n\t\t\t\t\t<p class=\"elementor-heading-title elementor-size-default\">D\u011bkujeme, \u017ee jste dali \u0161anci na\u0161im podlo\u017ek\u00e1m!<br><br>\nProhl\u00ed\u017e\u00edme si va\u0161e po\u017eadavky a brzy se s v\u00e1mi spoj\u00edme, abychom dohodli podrobnosti dod\u00e1n\u00ed. P\u0159ipravte sv\u00e9 stroje! Usly\u0161\u00edme se brzy.<\/p>\t\t\t\t<\/div>\n\t\t\t\t<\/div>\n\t\t\t\t<\/div>\n\t\t","protected":false},"excerpt":{"rendered":"<p>\u00dasp\u011bch! Va\u0161e zpr\u00e1va je ji\u017e v na\u0161\u00ed schr\u00e1nce D\u011bkujeme, \u017ee jste dali \u0161anci na\u0161im podlo\u017ek\u00e1m! Prohl\u00ed\u017e\u00edme si va\u0161e po\u017eadavky a brzy se s v\u00e1mi spoj\u00edme, abychom dohodli podrobnosti dod\u00e1n\u00ed. P\u0159ipravte sv\u00e9 stroje! Usly\u0161\u00edme se brzy.<\/p>\n","protected":false},"author":6,"featured_media":0,"parent":0,"menu_order":0,"comment_status":"closed","ping_status":"closed","template":"","meta":{"_acf_changed":false,"footnotes":""},"class_list":["post-14187","page","type-page","status-publish","hentry"],"acf":[],"_links":{"self":[{"href":"https:\/\/zing.com.pl\/cs\/wp-json\/wp\/v2\/pages\/14187","targetHints":{"allow":["GET"]}}],"collection":[{"href":"https:\/\/zing.com.pl\/cs\/wp-json\/wp\/v2\/pages"}],"about":[{"href":"https:\/\/zing.com.pl\/cs\/wp-json\/wp\/v2\/types\/page"}],"author":[{"embeddable":true,"href":"https:\/\/zing.com.pl\/cs\/wp-json\/wp\/v2\/users\/6"}],"replies":[{"embeddable":true,"href":"https:\/\/zing.com.pl\/cs\/wp-json\/wp\/v2\/comments?post=14187"}],"version-history":[{"count":1,"href":"https:\/\/zing.com.pl\/cs\/wp-json\/wp\/v2\/pages\/14187\/revisions"}],"predecessor-version":[{"id":14188,"href":"https:\/\/zing.com.pl\/cs\/wp-json\/wp\/v2\/pages\/14187\/revisions\/14188"}],"wp:attachment":[{"href":"https:\/\/zing.com.pl\/cs\/wp-json\/wp\/v2\/media?parent=14187"}],"curies":[{"name":"wp","href":"https:\/\/api.w.org\/{rel}","templated":true}]}}