{"id":14214,"date":"2024-12-06T14:23:24","date_gmt":"2024-12-06T14:23:24","guid":{"rendered":"https:\/\/zing.com.pl\/zasady-pouzivani-cookies\/"},"modified":"2025-12-16T07:25:36","modified_gmt":"2025-12-16T07:25:36","slug":"zasady-pouzivani-cookies","status":"publish","type":"page","link":"https:\/\/zing.com.pl\/cs\/zasady-pouzivani-cookies\/","title":{"rendered":"Z\u00e1sady pou\u017e\u00edv\u00e1n\u00ed cookies"},"content":{"rendered":"\t\t<div data-elementor-type=\"wp-page\" data-elementor-id=\"14214\" class=\"elementor elementor-14214 elementor-9988\" data-elementor-post-type=\"page\">\n\t\t\t\t<div class=\"elementor-element elementor-element-dc212ef e-con-full e-flex e-con e-parent\" data-id=\"dc212ef\" data-element_type=\"container\" data-e-type=\"container\" data-settings=\"{&quot;enable_glow_container&quot;:&quot;no&quot;}\">\n\t\t\t\t<div class=\"elementor-element elementor-element-54aa37c elementor-widget elementor-widget-text-editor\" data-id=\"54aa37c\" data-element_type=\"widget\" data-e-type=\"widget\" data-widget_type=\"text-editor.default\">\n\t\t\t\t\t\t\t\t\t<h1>Z\u00c1SADY POU\u017d\u00cdV\u00c1N\u00cd COOKIES<\/h1><p>Tyto Z\u00e1sady stanovuj\u00ed pravidla ukl\u00e1d\u00e1n\u00ed a p\u0159\u00edstupu k informac\u00edm na za\u0159\u00edzen\u00edch U\u017eivatele pomoc\u00ed soubor\u016f Cookies, slou\u017e\u00edc\u00edch k realizaci slu\u017eeb poskytovan\u00fdch elektronickou cestou po\u017eadovan\u00fdch U\u017eivatelem, spole\u010dnost\u00ed ZING S.A. se s\u00eddlem na al. Jerozolimskich 212, 02-486 ve Var\u0161av\u011b, I\u010cO: 0000941448<br>DI\u010c: 945-18-15-789<br>Okresn\u00ed soud pro hl. m. Var\u0161avu ve Var\u0161av\u011b,<br>XIV Obchodn\u00ed odd\u011blen\u00ed I\u010cO<br>Z\u00e1kladn\u00ed kapit\u00e1l: 29.706.400 z\u0142 .  <\/p><ol><li><h3><strong>Definice<\/strong><\/h3><ol><li><p>Spr\u00e1vce &#8211; znamen\u00e1 ZING S.A., al. Jerozolimskie 212, 02-486 ve Var\u0161av\u011b, zapsanou v rejst\u0159\u00edku podnikatel\u016f Krajsk\u00e9ho soudn\u00edho rejst\u0159\u00edku veden\u00e9ho Okresn\u00edm soudem pro hl. m. Var\u0161avu ve Var\u0161av\u011b,<br>XIV Obchodn\u00ed odd\u011blen\u00ed I\u010cO<br> pod \u010d\u00edslem I\u010cO 0000941448, DI\u010c: 945-18-15-789, kter\u00e1 poskytuje slu\u017eby elektronickou cestou a ukl\u00e1d\u00e1 a z\u00edsk\u00e1v\u00e1 p\u0159\u00edstup k informac\u00edm v za\u0159\u00edzen\u00edch U\u017eivatele.  <\/p><\/li><li><p>Cookies &#8211; znamenaj\u00ed informatick\u00e9 \u00fadaje, zejm\u00e9na mal\u00e9 textov\u00e9 soubory, ukl\u00e1dan\u00e9 a uchovan\u00e9 na za\u0159\u00edzen\u00edch prost\u0159ednictv\u00edm kter\u00fdch U\u017eivatel vyu\u017e\u00edv\u00e1 internetov\u00e9 str\u00e1nky Slu\u017eby.<\/p><\/li><li><p>Vlastn\u00ed Cookies &#8211; znamenaj\u00ed Cookies um\u00eds\u0165ovan\u00e9 Spr\u00e1vcem, souvisej\u00edc\u00ed s poskytov\u00e1n\u00edm slu\u017eeb elektronickou cestou Spr\u00e1vcem prost\u0159ednictv\u00edm Slu\u017eby.<\/p><\/li><li><p>Extern\u00ed Cookies &#8211; znamenaj\u00ed Cookies um\u00eds\u0165ovan\u00e9 partnery Spr\u00e1vce prost\u0159ednictv\u00edm internetov\u00e9 str\u00e1nky Slu\u017eby.<\/p><\/li><li><p>Slu\u017eba &#8211; znamen\u00e1 internetovou str\u00e1nku nebo aplikaci, pod kterou Spr\u00e1vce provozuje internetovou slu\u017ebu, funguj\u00edc\u00ed v dom\u00e9n\u011b zing.com.pl<\/p><\/li><li><p>Za\u0159\u00edzen\u00ed &#8211; znamen\u00e1 elektronick\u00e9 za\u0159\u00edzen\u00ed prost\u0159ednictv\u00edm kter\u00e9ho U\u017eivatel z\u00edsk\u00e1v\u00e1 p\u0159\u00edstup ke Slu\u017eb\u011b.<\/p><\/li><li><p>U\u017eivatel &#8211; znamen\u00e1 subjekt, pro kter\u00fd podle Podm\u00ednek a pr\u00e1vn\u00edch p\u0159edpis\u016f mohou b\u00fdt poskytov\u00e1ny slu\u017eby elektronickou cestou nebo s kter\u00fdm m\u016f\u017ee b\u00fdt uzav\u0159ena Smlouva o poskytov\u00e1n\u00ed slu\u017eeb elektronickou cestou.<\/p><\/li><\/ol><\/li><li><h3><strong>Typy pou\u017e\u00edvan\u00fdch Cookies<\/strong><\/h3><ol><li><p>Cookies pou\u017e\u00edvan\u00e9 Spr\u00e1vcem jsou bezpe\u010dn\u00e9 pro Za\u0159\u00edzen\u00ed U\u017eivatele. Zejm\u00e9na touto cestou nen\u00ed mo\u017en\u00e9 proniknut\u00ed vir\u016f nebo jin\u00e9ho ne\u017e\u00e1douc\u00edho softwaru nebo \u0161kodliv\u00e9ho softwaru do Za\u0159\u00edzen\u00ed U\u017eivatel\u016f. Tyto soubory umo\u017e\u0148uj\u00ed identifikovat software pou\u017e\u00edvan\u00fd U\u017eivatelem a p\u0159izp\u016fsobit Slu\u017ebu individu\u00e1ln\u011b ka\u017ed\u00e9mu U\u017eivateli. Cookies obvykle obsahuj\u00ed n\u00e1zev dom\u00e9ny ze kter\u00e9 poch\u00e1zej\u00ed, dobu jejich uchov\u00e1v\u00e1n\u00ed na Za\u0159\u00edzen\u00ed a p\u0159i\u0159azenou hodnotu.   <\/p><\/li><li><p>Spr\u00e1vce vyu\u017e\u00edv\u00e1 dva typy soubor\u016f cookies:<\/p><ol><li><p>Cookies relace: jsou uchov\u00e1v\u00e1ny na Za\u0159\u00edzen\u00ed U\u017eivatele a z\u016fst\u00e1vaj\u00ed tam do ukon\u010den\u00ed relace dan\u00e9ho prohl\u00ed\u017ee\u010de. Ulo\u017een\u00e9 informace jsou pot\u00e9 trvale odstran\u011bny z pam\u011bti Za\u0159\u00edzen\u00ed. Mechanismus cookies relace neumo\u017e\u0148uje z\u00edsk\u00e1v\u00e1n\u00ed jak\u00fdchkoliv osobn\u00edch \u00fadaj\u016f ani \u017e\u00e1dn\u00fdch d\u016fv\u011brn\u00fdch informac\u00ed ze Za\u0159\u00edzen\u00ed U\u017eivatele.  <\/p><\/li><li><p>Trval\u00e9 Cookies: jsou uchov\u00e1v\u00e1ny na Za\u0159\u00edzen\u00ed U\u017eivatele a z\u016fst\u00e1vaj\u00ed tam do jejich smaz\u00e1n\u00ed. Ukon\u010den\u00ed relace dan\u00e9ho prohl\u00ed\u017ee\u010de nebo vypnut\u00ed Za\u0159\u00edzen\u00ed nezp\u016fsobuje jejich odstran\u011bn\u00ed ze Za\u0159\u00edzen\u00ed U\u017eivatele. Mechanismus trval\u00fdch cookies neumo\u017e\u0148uje z\u00edsk\u00e1v\u00e1n\u00ed jak\u00fdchkoliv osobn\u00edch \u00fadaj\u016f ani \u017e\u00e1dn\u00fdch d\u016fv\u011brn\u00fdch informac\u00ed ze Za\u0159\u00edzen\u00ed U\u017eivatele.  <\/p><\/li><\/ol><\/li><li><p>U\u017eivatel m\u00e1 mo\u017enost omezit nebo vypnout p\u0159\u00edstup soubor\u016f cookies ke sv\u00e9mu Za\u0159\u00edzen\u00ed. V p\u0159\u00edpad\u011b vyu\u017eit\u00ed t\u00e9to mo\u017enosti bude pou\u017e\u00edv\u00e1n\u00ed Slu\u017eby mo\u017en\u00e9, krom\u011b funkc\u00ed, kter\u00e9 ze sv\u00e9 podstaty vy\u017eaduj\u00ed soubory cookies. <\/p><\/li><\/ol><\/li><li><h3><strong>\u00da\u010dely pro kter\u00e9 jsou Cookies vyu\u017e\u00edv\u00e1ny<\/strong><\/h3><\/li><\/ol><p>  Spr\u00e1vce vyu\u017e\u00edv\u00e1 Vlastn\u00ed Cookies pro n\u00e1sleduj\u00edc\u00ed \u00fa\u010dely:<\/p><ol><li style=\"list-style-type: none;\"><ol><li style=\"list-style-type: none;\"><ol><li><p>Konfigurace slu\u017eby:<\/p><ol><li><p>p\u0159izp\u016fsoben\u00ed obsahu internetov\u00fdch str\u00e1nek Slu\u017eby preferenc\u00edm U\u017eivatele a optimalizace pou\u017e\u00edv\u00e1n\u00ed internetov\u00fdch str\u00e1nek Slu\u017eby;<\/p><\/li><li><p>rozpozn\u00e1n\u00ed za\u0159\u00edzen\u00ed U\u017eivatele Slu\u017eby a jeho lokalizace a odpov\u00eddaj\u00edc\u00ed zobrazen\u00ed internetov\u00e9 str\u00e1nky, p\u0159izp\u016fsoben\u00e9 jeho individu\u00e1ln\u00edm pot\u0159eb\u00e1m;<\/p><\/li><li><p>zapamatov\u00e1n\u00ed nastaven\u00ed vybran\u00fdch U\u017eivatelem a personalizace rozhran\u00ed U\u017eivatele, nap\u0159. v rozsahu vybran\u00e9ho jazyka nebo regionu, ze kter\u00e9ho U\u017eivatel poch\u00e1z\u00ed;<\/p><\/li><li><p>zapamatov\u00e1n\u00ed historie nav\u0161t\u00edven\u00fdch str\u00e1nek ve slu\u017eb\u011b za \u00fa\u010delem doporu\u010den\u00ed obsahu;<\/p><\/li><li><p>velikosti p\u00edsma, vzhledu internetov\u00e9 str\u00e1nky atd.<\/p><\/li><\/ol><\/li><li><p>Autentifikace u\u017eivatele ve slu\u017eb\u011b a zaji\u0161t\u011bn\u00ed relace u\u017eivatele ve slu\u017eb\u011b<\/p><ol><li><p>udr\u017een\u00ed relace U\u017eivatele Slu\u017eby (po p\u0159ihl\u00e1\u0161en\u00ed), d\u00edky kter\u00e9 U\u017eivatel nemus\u00ed na ka\u017ed\u00e9 podstr\u00e1nce Slu\u017eby znovu zad\u00e1vat p\u0159ihla\u0161ovac\u00ed jm\u00e9no a heslo;<\/p><\/li><li><p>spr\u00e1vn\u00e9 konfigurace vybran\u00fdch funkc\u00ed Slu\u017eby, umo\u017e\u0148uj\u00edc\u00ed zejm\u00e9na ov\u011b\u0159en\u00ed autenti\u010dnosti relace prohl\u00ed\u017ee\u010de;<\/p><\/li><li><p>optimalizace a zv\u00fd\u0161en\u00ed v\u00fdkonnosti slu\u017eeb poskytovan\u00fdch Spr\u00e1vcem.<\/p><\/li><\/ol><\/li><li><p>Realizace proces\u016f nezbytn\u00fdch pro plnou funkcionalitu internetov\u00fdch str\u00e1nek<\/p><ol><li><p>p\u0159izp\u016fsoben\u00ed obsahu internetov\u00fdch str\u00e1nek Slu\u017eby preferenc\u00edm U\u017eivatele a optimalizace pou\u017e\u00edv\u00e1n\u00ed internetov\u00fdch str\u00e1nek Slu\u017eby. Zejm\u00e9na tyto soubory umo\u017e\u0148uj\u00ed rozpoznat z\u00e1kladn\u00ed parametry Za\u0159\u00edzen\u00ed U\u017eivatele a odpov\u00eddaj\u00edc\u00edm zp\u016fsobem zobrazit internetovou str\u00e1nku, p\u0159izp\u016fsobenou jeho individu\u00e1ln\u00edm pot\u0159eb\u00e1m; <\/p><\/li><li><p>spr\u00e1vn\u00e9 obsluhy partnersk\u00e9ho programu, umo\u017e\u0148uj\u00edc\u00ed zejm\u00e9na ov\u011b\u0159en\u00ed zdroj\u016f p\u0159esm\u011brov\u00e1n\u00ed U\u017eivatel\u016f na internetov\u00e9 str\u00e1nky Slu\u017eby.<\/p><\/li><\/ol><\/li><li><p>Zapamatov\u00e1n\u00ed lokalizace u\u017eivatele<\/p><ol><li><p>spr\u00e1vn\u00e9 konfigurace vybran\u00fdch funkc\u00ed Slu\u017eby, umo\u017e\u0148uj\u00edc\u00ed zejm\u00e9na p\u0159izp\u016fsoben\u00ed dod\u00e1van\u00fdch informac\u00ed U\u017eivateli s ohledem na jeho lokalizaci.<\/p><\/li><\/ol><\/li><li><p>Anal\u00fdzy a v\u00fdzkumy a audit sledovanosti<\/p><ol><li><p>vytv\u00e1\u0159en\u00ed anonymn\u00edch statistik, kter\u00e9 pom\u00e1haj\u00ed pochopit, jak\u00fdm zp\u016fsobem U\u017eivatel\u00e9 Slu\u017eby pou\u017e\u00edvaj\u00ed internetov\u00e9 str\u00e1nky Slu\u017eby, co\u017e umo\u017e\u0148uje zlep\u0161ov\u00e1n\u00ed jejich struktury a obsahu.<\/p><\/li><\/ol><\/li><li><p>Poskytov\u00e1n\u00ed reklamn\u00edch slu\u017eeb<\/p><ol><li><p>p\u0159izp\u016fsoben\u00ed prezentovan\u00fdch prost\u0159ednictv\u00edm Slu\u017eby reklam slu\u017eeb a produkt\u016f t\u0159et\u00edch stran;<\/p><\/li><\/ol><\/li><li><p>Zaji\u0161t\u011bn\u00ed bezpe\u010dnosti a spolehlivosti slu\u017eby<\/p><\/li><\/ol><\/li><\/ol><\/li><\/ol><p><strong>  Spr\u00e1vce slu\u017eby vyu\u017e\u00edv\u00e1 Extern\u00ed Cookies pro n\u00e1sleduj\u00edc\u00ed \u00fa\u010dely:<\/strong><\/p><ol><li style=\"list-style-type: none;\"><ol><li><p>Shroma\u017e\u010fov\u00e1n\u00ed obecn\u00fdch a anonymn\u00edch statistick\u00fdch \u00fadaj\u016f prost\u0159ednictv\u00edm analytick\u00fdch n\u00e1stroj\u016f:<\/p><ol><li><p>IdoSell Shop [spr\u00e1vce cookies: IAI S.A. se s\u00eddlem ve \u0160t\u011bt\u00edn\u011b]<\/p><\/li><li><p>  Google Analytics [spr\u00e1vce cookies: Google Inc se s\u00eddlem v USA]  <\/p><\/li><li><p>  Gemius Traffic [spr\u00e1vce cookies: Gemius S.A. se s\u00eddlem ve Var\u0161av\u011b]  <\/p><\/li><li><p>  Stat24 [spr\u00e1vce cookies: Redefine Sp. z o.o. se s\u00eddlem ve Var\u0161av\u011b]  <\/p><\/li><\/ol><\/li><li><p>Prezentace reklam p\u0159izp\u016fsoben\u00fdch preferenc\u00edm U\u017eivatele s vyu\u017eit\u00edm n\u00e1stroje internetov\u00e9 reklamy:<\/p><ol><li><p>  Google AdSense [spr\u00e1vce cookies: Google Inc se s\u00eddlem v USA]  <\/p><\/li><li><p>  Reklamn\u00ed s\u00ed\u0165 [spr\u00e1vce cookies: Internetov\u00fd Dom Mediowy net S.A se s\u00eddlem ve Var\u0161av\u011b]  <\/p><\/li><li><p>  Reklamn\u00ed s\u00ed\u0165 AdTaily [spr\u00e1vce cookies: AdTaily Sp. z o.o se s\u00eddlem v Krakov\u011b]  <\/p><\/li><\/ol><\/li><li><p>P\u0159ihl\u00e1\u0161en\u00ed ke slu\u017eb\u011b pomoc\u00ed \u00fa\u010dtu v jin\u00e9 slu\u017eb\u011b:<\/p><ol><li><p>  Facebook Connect [spr\u00e1vce cookies: Facebook Inc se s\u00eddlem v USA nebo Facebook Ireland se s\u00eddlem v Irsku]  <\/p><\/li><li><p>  Google [spr\u00e1vce cookies: Google Inc se s\u00eddlem v USA]  <\/p><\/li><li><p>  LinkedIn [spr\u00e1vce cookies: LinkedIn Ireland Limited se s\u00eddlem v Irsku]  <\/p><\/li><li><p>  Paypal [spr\u00e1vce cookies: PayPal (Europe) S.\u00e0 r.l. &amp; Cie, S.C.A se s\u00eddlem v Lucembursku nebo PayPal Inc. se s\u00eddlem v USA]  <\/p><\/li><\/ol><\/li><li><p>Vyu\u017eit\u00ed interaktivn\u00edch funkc\u00ed za \u00fa\u010delem popularizace slu\u017eby pomoc\u00ed soci\u00e1ln\u00edch s\u00edt\u00ed:<\/p><ol><li><p>  twitter.com [spr\u00e1vce cookies: Twitter Inc. se s\u00eddlem v USA]  <\/p><\/li><li><p>  plus.google.com [spr\u00e1vce cookies: Google Inc se s\u00eddlem v USA]  <\/p><\/li><li><p>  Facebook.com [spr\u00e1vce cookies: Facebook Inc se s\u00eddlem v USA nebo Facebook Ireland se s\u00eddlem v Irsku]  <\/p><\/li><li><p>  LinkedIn.com [spr\u00e1vce cookies: LinkedIn Ireland Limited se s\u00eddlem v Irsku]  <\/p><\/li><li><p>  Pinterest [spr\u00e1vce cookies: Pinterest, Inc. se s\u00eddlem v USA]  <\/p><\/li><\/ol><\/li><li><p>Prezentace n\u00e1zor\u016f na internetov\u00fdch str\u00e1nk\u00e1ch Slu\u017eby, kter\u00e9 jsou z\u00edsk\u00e1v\u00e1ny z extern\u00ed internetov\u00e9 slu\u017eby:<\/p><ol><li><p>  opineo.pl [spr\u00e1vce cookies: Opineo Sp. z o.o. se s\u00eddlem ve Vratislavi]  <\/p><\/li><li><p>  ceneo.pl [spr\u00e1vce cookies: Grupa Allegro sp. z o.o. se s\u00eddlem v Poznani]  <\/p><\/li><\/ol><\/li><li><p>Vyu\u017eit\u00ed funkc\u00ed za \u00fa\u010delem usnadn\u011bn\u00ed komunikace prost\u0159ednictv\u00edm internetov\u00e9 str\u00e1nky Slu\u017eby, kter\u00e9 jsou z\u00edsk\u00e1v\u00e1ny z extern\u00ed internetov\u00e9 slu\u017eby:<\/p><ol><li><p>  skype.com [spr\u00e1vce cookies: Microsoft Corporation se s\u00eddlem v USA]  <\/p><\/li><\/ol><\/li><\/ol><\/li><\/ol><p><strong>Mo\u017enosti stanoven\u00ed podm\u00ednek uchov\u00e1v\u00e1n\u00ed nebo z\u00edsk\u00e1v\u00e1n\u00ed p\u0159\u00edstupu prost\u0159ednictv\u00edm Cookies<\/strong><\/p><ol><li style=\"list-style-type: none;\"><ol><li><p>U\u017eivatel m\u016f\u017ee samostatn\u011b a kdykoli zm\u011bnit nastaven\u00ed t\u00fdkaj\u00edc\u00ed se soubor\u016f Cookies, stanovuj\u00edc\u00ed podm\u00ednky jejich uchov\u00e1v\u00e1n\u00ed a z\u00edsk\u00e1v\u00e1n\u00ed p\u0159\u00edstupu prost\u0159ednictv\u00edm soubor\u016f Cookies k Za\u0159\u00edzen\u00ed U\u017eivatele. Zm\u011bny nastaven\u00ed, o kter\u00fdch je \u0159e\u010d v p\u0159edchoz\u00ed v\u011bt\u011b, m\u016f\u017ee U\u017eivatel prov\u00e9st pomoc\u00ed nastaven\u00ed internetov\u00e9ho prohl\u00ed\u017ee\u010de nebo pomoc\u00ed konfigurace slu\u017eby. Tato nastaven\u00ed mohou b\u00fdt zm\u011bn\u011bna zejm\u00e9na takov\u00fdm zp\u016fsobem, aby blokovala automatickou obsluhu soubor\u016f cookies v nastaven\u00ed internetov\u00e9ho prohl\u00ed\u017ee\u010de nebo informovala o jejich ka\u017ed\u00e9m um\u00edst\u011bn\u00ed Cookies na za\u0159\u00edzen\u00ed U\u017eivatele. Podrobn\u00e9 informace o mo\u017enostech a zp\u016fsobech obsluhy soubor\u016f cookies jsou dostupn\u00e9 v nastaven\u00ed softwaru (internetov\u00e9ho prohl\u00ed\u017ee\u010de).   <\/p><\/li><li><p>U\u017eivatel m\u016f\u017ee kdykoli smazat soubory Cookies pomoc\u00ed dostupn\u00fdch funkc\u00ed v internetov\u00e9m prohl\u00ed\u017ee\u010di, kter\u00fd pou\u017e\u00edv\u00e1.<\/p><\/li><li><p>Omezen\u00ed pou\u017e\u00edv\u00e1n\u00ed soubor\u016f Cookies m\u016f\u017ee ovlivnit n\u011bkter\u00e9 funkcionality dostupn\u00e9 na internetov\u00e9 str\u00e1nce Slu\u017eby.<\/p><\/li><\/ol><\/li><\/ol>\t\t\t\t\t\t\t\t<\/div>\n\t\t\t\t<\/div>\n\t\t\t\t<\/div>\n\t\t","protected":false},"excerpt":{"rendered":"<p>Z\u00c1SADY POU\u017d\u00cdV\u00c1N\u00cd COOKIES Tyto Z\u00e1sady stanovuj\u00ed pravidla ukl\u00e1d\u00e1n\u00ed a p\u0159\u00edstupu k informac\u00edm na za\u0159\u00edzen\u00edch U\u017eivatele pomoc\u00ed soubor\u016f Cookies, slou\u017e\u00edc\u00edch k realizaci slu\u017eeb poskytovan\u00fdch elektronickou cestou po\u017eadovan\u00fdch U\u017eivatelem, spole\u010dnost\u00ed ZING S.A. se s\u00eddlem na al. Jerozolimskich 212, 02-486 ve Var\u0161av\u011b, I\u010cO: 0000941448DI\u010c: 945-18-15-789Okresn\u00ed soud pro hl. m. Var\u0161avu ve Var\u0161av\u011b,XIV Obchodn\u00ed odd\u011blen\u00ed I\u010cOZ\u00e1kladn\u00ed kapit\u00e1l: 29.706.400 z\u0142 [&hellip;]<\/p>\n","protected":false},"author":2,"featured_media":0,"parent":0,"menu_order":0,"comment_status":"closed","ping_status":"closed","template":"","meta":{"_acf_changed":false,"footnotes":""},"class_list":["post-14214","page","type-page","status-publish","hentry"],"acf":[],"_links":{"self":[{"href":"https:\/\/zing.com.pl\/cs\/wp-json\/wp\/v2\/pages\/14214","targetHints":{"allow":["GET"]}}],"collection":[{"href":"https:\/\/zing.com.pl\/cs\/wp-json\/wp\/v2\/pages"}],"about":[{"href":"https:\/\/zing.com.pl\/cs\/wp-json\/wp\/v2\/types\/page"}],"author":[{"embeddable":true,"href":"https:\/\/zing.com.pl\/cs\/wp-json\/wp\/v2\/users\/2"}],"replies":[{"embeddable":true,"href":"https:\/\/zing.com.pl\/cs\/wp-json\/wp\/v2\/comments?post=14214"}],"version-history":[{"count":1,"href":"https:\/\/zing.com.pl\/cs\/wp-json\/wp\/v2\/pages\/14214\/revisions"}],"predecessor-version":[{"id":14216,"href":"https:\/\/zing.com.pl\/cs\/wp-json\/wp\/v2\/pages\/14214\/revisions\/14216"}],"wp:attachment":[{"href":"https:\/\/zing.com.pl\/cs\/wp-json\/wp\/v2\/media?parent=14214"}],"curies":[{"name":"wp","href":"https:\/\/api.w.org\/{rel}","templated":true}]}}