{"id":14217,"date":"2024-12-07T15:14:53","date_gmt":"2024-12-07T15:14:53","guid":{"rendered":"https:\/\/zing.com.pl\/sluzby\/"},"modified":"2025-12-16T07:25:36","modified_gmt":"2025-12-16T07:25:36","slug":"sluzby","status":"publish","type":"page","link":"https:\/\/zing.com.pl\/cs\/sluzby\/","title":{"rendered":"Slu\u017eby"},"content":{"rendered":"\t\t<div data-elementor-type=\"wp-page\" data-elementor-id=\"14217\" class=\"elementor elementor-14217 elementor-10125\" data-elementor-post-type=\"page\">\n\t\t\t\t<div class=\"elementor-element elementor-element-5f5879b e-con-full e-flex e-con e-parent\" data-id=\"5f5879b\" data-element_type=\"container\" data-e-type=\"container\" data-settings=\"{&quot;enable_glow_container&quot;:&quot;no&quot;}\">\n\t\t\t\t<div class=\"elementor-element elementor-element-30fade7 elementor-widget elementor-widget-text-editor\" data-id=\"30fade7\" data-element_type=\"widget\" data-e-type=\"widget\" data-widget_type=\"text-editor.default\">\n\t\t\t\t\t\t\t\t\t<h1>Slu\u017eby<\/h1><p>Jsme si v\u011bdomi, \u017ee pracujeme jak na vlastn\u00ed zna\u010dku, tak na image na\u0161ich klient\u016f. Proto je na\u0161\u00edm mottem vy\u0161\u0161\u00ed kvalita slu\u017eeb. Slu\u017eeb ch\u00e1pan\u00fdch v \u0161irok\u00e9m smyslu, od prvn\u00edho kontaktu se z\u00e1kazn\u00edkem p\u0159es intern\u00ed realizaci zak\u00e1zky a\u017e po kone\u010dnou f\u00e1zi fyzick\u00e9ho dod\u00e1n\u00ed zbo\u017e\u00ed. ZING poskytuje nejvy\u0161\u0161\u00ed kvalitu slu\u017eeb v ka\u017ed\u00e9 z t\u011bchto f\u00e1z\u00ed, pracuje na spole\u010dn\u00e9m \u00fasp\u011bchu na\u0161em i na\u0161ich klient\u016f.   <\/p><p>M\u00e1me skv\u011ble vybaven\u00e9 skladov\u00e9 z\u00e1zem\u00ed a flotilu dod\u00e1vkov\u00fdch voz\u016f p\u0159izp\u016fsoben\u00fdch pro p\u0159epravu pap\u00edru. V mnoha m\u011bstech jsme schopni realizovat objedn\u00e1vky je\u0161t\u011b tent\u00fd\u017e den a tak\u00e9 nab\u00edz\u00edme mo\u017enost osobn\u00edho odb\u011bru bez dodate\u010dn\u00fdch poplatk\u016f u mal\u00fdch objedn\u00e1vek. <\/p><p>Doporu\u010dujeme tak\u00e9 objedn\u00e1vat kur\u00fdra p\u0159es na\u0161i platformu www.zinglogistics.com.pl.<\/p>\t\t\t\t\t\t\t\t<\/div>\n\t\t\t\t<\/div>\n\t\t\t\t<\/div>\n\t\t","protected":false},"excerpt":{"rendered":"<p>Slu\u017eby Jsme si v\u011bdomi, \u017ee pracujeme jak na vlastn\u00ed zna\u010dku, tak na image na\u0161ich klient\u016f. Proto je na\u0161\u00edm mottem vy\u0161\u0161\u00ed kvalita slu\u017eeb. Slu\u017eeb ch\u00e1pan\u00fdch v \u0161irok\u00e9m smyslu, od prvn\u00edho kontaktu se z\u00e1kazn\u00edkem p\u0159es intern\u00ed realizaci zak\u00e1zky a\u017e po kone\u010dnou f\u00e1zi fyzick\u00e9ho dod\u00e1n\u00ed zbo\u017e\u00ed. ZING poskytuje nejvy\u0161\u0161\u00ed kvalitu slu\u017eeb v ka\u017ed\u00e9 z t\u011bchto f\u00e1z\u00ed, pracuje na [&hellip;]<\/p>\n","protected":false},"author":2,"featured_media":0,"parent":0,"menu_order":0,"comment_status":"closed","ping_status":"closed","template":"","meta":{"_acf_changed":false,"footnotes":""},"class_list":["post-14217","page","type-page","status-publish","hentry"],"acf":[],"_links":{"self":[{"href":"https:\/\/zing.com.pl\/cs\/wp-json\/wp\/v2\/pages\/14217","targetHints":{"allow":["GET"]}}],"collection":[{"href":"https:\/\/zing.com.pl\/cs\/wp-json\/wp\/v2\/pages"}],"about":[{"href":"https:\/\/zing.com.pl\/cs\/wp-json\/wp\/v2\/types\/page"}],"author":[{"embeddable":true,"href":"https:\/\/zing.com.pl\/cs\/wp-json\/wp\/v2\/users\/2"}],"replies":[{"embeddable":true,"href":"https:\/\/zing.com.pl\/cs\/wp-json\/wp\/v2\/comments?post=14217"}],"version-history":[{"count":1,"href":"https:\/\/zing.com.pl\/cs\/wp-json\/wp\/v2\/pages\/14217\/revisions"}],"predecessor-version":[{"id":14218,"href":"https:\/\/zing.com.pl\/cs\/wp-json\/wp\/v2\/pages\/14217\/revisions\/14218"}],"wp:attachment":[{"href":"https:\/\/zing.com.pl\/cs\/wp-json\/wp\/v2\/media?parent=14217"}],"curies":[{"name":"wp","href":"https:\/\/api.w.org\/{rel}","templated":true}]}}